{"id":14534,"date":"2022-07-19T18:43:30","date_gmt":"2022-07-19T22:43:30","guid":{"rendered":"https:\/\/www.starlightcanada.org\/?post_type=product&#038;p=14534"},"modified":"2023-03-22T11:55:37","modified_gmt":"2023-03-22T15:55:37","slug":"la-console-portable-starlight-nintendo-switch","status":"publish","type":"product","link":"https:\/\/test.starlightcanada.org\/fr\/souhaits-en-hopital\/programmes\/la-console-portable-starlight-nintendo-switch\/","title":{"rendered":"La console portable Starlight Nintendo Switch"},"content":{"rendered":"<p>La console portable Starlight Nintendo Switch est une version portable du Centre de divertissement Starlight, permettant une plus grande flexibilit\u00e9 aux professionnels de la sant\u00e9 pour distraire et divertir les enfants hospitalis\u00e9s tout en offrant la m\u00eame exp\u00e9rience de qualit\u00e9 sup\u00e9rieure.<\/p>\n<p>Ces dispositifs innovants et portables, qui facilitent le jeu pour les patients p\u00e9diatriques, sont un ajout des plus passionnants \u00e0 nos programmes de distraction en milieu hospitalier pour la sant\u00e9 mentale. Qu\u2019un enfant ou un adolescent se remette d\u2019une op\u00e9ration, qu\u2019il soit en attente d\u2019un traitement ou qu\u2019il s\u2019ennuie dans son lit d\u2019h\u00f4pital, la console portable Starlight Nintendo Switch est pr\u00e9charg\u00e9e avec une grande vari\u00e9t\u00e9 de jeux pour tous les \u00e2ges et fournira des heures de divertissement sans fin.<\/p>\n<p>Bien plus qu\u2019un simple divertissement, la console portable Starlight Nintendo Switch est cr\u00e9\u00e9e pour favoriser le bien\u00eatre mental des utilisateurs. Portables et accessibles dans toutes les parties de l\u2019h\u00f4pital, ces appareils offrent aux patients p\u00e9diatriques u peu de normalit\u00e9 et une distraction essentielle pour les aider \u00e0 affronter leurs peurs et faciliter les interactions avec le personnel hospitalier.<\/p>\n","protected":false},"excerpt":{"rendered":"<p>La console portable Starlight Nintendo Switch est une version portable du Centre de divertissement Starlight, permettant une plus grande flexibilit\u00e9 aux professionnels de la sant\u00e9 pour distraire et divertir les &#8230;<\/p>\n","protected":false},"featured_media":12809,"template":"","meta":{"_acf_changed":false,"give_campaign_id":0},"product_brand":[],"product_cat":[83],"product_tag":[],"class_list":{"0":"post-14534","1":"product","2":"type-product","3":"status-publish","4":"has-post-thumbnail","6":"product_cat-uncategorized-fr","7":"pa_hospital-6851-fr","8":"pa_hospital-6988-fr","9":"pa_hospital-40503-fr","10":"pa_hospital-7507-fr","11":"pa_hospital-7677-fr","12":"pa_hospital-95962-fr","13":"pa_hospital-7775-fr","14":"pa_hospital-47930-fr","15":"pa_hospital-7813-fr","16":"pa_hospital-95948-fr","17":"pa_hospital-7953-fr","18":"pa_hospital-8103-fr","19":"pa_hospital-8110-fr","20":"pa_hospital-57724-fr","21":"pa_hospital-69603-fr","22":"pa_hospital-69604-fr","23":"pa_hospital-95959-fr","24":"pa_hospital-69601-fr","25":"pa_hospital-8275-fr","26":"pa_hospital-95963-fr","27":"pa_hospital-8315-fr","28":"pa_hospital-41787-fr","29":"pa_hospital-95957-fr","30":"pa_hospital-8323-fr","31":"pa_hospital-69602-fr","32":"pa_hospital-95977-fr","33":"pa_hospital-69605-fr","34":"pa_hospital-95976-fr","35":"pa_hospital-95961-fr","36":"pa_hospital-101184-fr","37":"pa_hospital-41869-fr","38":"pa_hospital-57105-fr","39":"pa_hospital-58944-fr","40":"pa_hospital-57725-fr","41":"pa_hospital-41742-fr","42":"pa_hospital-95983-fr","43":"pa_hospital-69606-fr","44":"pa_hospital-69615-fr","45":"pa_hospital-107641-fr","46":"pa_hospital-58436-fr","47":"pa_hospital-69542-fr","48":"pa_hospital-47927-fr","49":"pa_hospital-37207-fr","50":"pa_hospital-47933-fr","51":"pa_hospital-95966-fr","52":"pa_hospital-101185-fr","53":"pa_hospital-99230-fr","54":"pa_hospital-40469-fr","55":"pa_hospital-82988-fr","56":"pa_hospital-7666-fr","57":"pa_hospital-69617-fr","58":"pa_hospital-18920-fr","59":"pa_hospital-7802-dp-fr","60":"pa_hospital-95979-fr","61":"pa_hospital-95960-fr","62":"pa_hospital-37640-fr","63":"pa_hospital-95981-fr","64":"pa_hospital-8987-fr","65":"pa_hospital-69614-fr","66":"pa_hospital-95980-fr","67":"pa_hospital-48736-fr","68":"pa_hospital-47923-fr","69":"pa_hospital-47938-fr","70":"pa_hospital-95985-fr","71":"pa_hospital-47924-fr","72":"pa_hospital-47921-fr","73":"pa_hospital-95967-fr","74":"pa_hospital-57906-fr","75":"pa_hospital-40945-fr","76":"pa_hospital-107649-fr","77":"pa_hospital-95986-fr","78":"pa_hospital-47935-fr","79":"pa_hospital-47936-fr","80":"pa_hospital-95982-fr","81":"pa_hospital-69590-fr","82":"pa_hospital-47920-fr","83":"pa_hospital-69618-fr","84":"pa_hospital-47928-fr","85":"pa_hospital-95968-fr","86":"pa_hospital-6990-fr","87":"pa_hospital-41206-fr","88":"pa_hospital-103008-fr","89":"pa_hospital-36436-fr","90":"pa_hospital-36548-fr","91":"pa_hospital-36582-fr","92":"pa_hospital-36591-fr","93":"pa_hospital-36605-fr","94":"pa_hospital-69555-fr","95":"pa_hospital-95965-fr","96":"pa_hospital-104169-fr","97":"pa_hospital-36946-fr","98":"pa_hospital-36967-fr","99":"pa_hospital-36971-fr","100":"pa_hospital-37124-fr","101":"pa_hospital-57723-fr","102":"pa_hospital-37206-fr","103":"pa_hospital-95969-fr","104":"pa_hospital-37320-fr","105":"pa_hospital-37346-fr","106":"pa_hospital-37402-fr","107":"pa_hospital-37414-fr","108":"pa_hospital-69559-fr","109":"pa_hospital-95970-fr","110":"pa_hospital-82987-fr","111":"pa_hospital-95952-fr","112":"pa_hospital-37559-fr","113":"pa_hospital-37566-fr","114":"pa_hospital-37578-fr","115":"pa_hospital-37695-fr","116":"pa_hospital-46644-fr","117":"pa_hospital-37539-fr","118":"pa_hospital-37709-fr","119":"pa_hospital-37906-fr","120":"pa_hospital-48034-fr","121":"pa_hospital-36772-fr","122":"pa_hospital-69567-fr","123":"pa_hospital-38070-fr","124":"pa_hospital-107640-fr","125":"pa_hospital-95971-fr","126":"pa_hospital-101351-fr","127":"pa_hospital-38198-fr","128":"pa_hospital-40432-fr","129":"pa_hospital-40529-fr","130":"pa_hospital-41134-fr","131":"pa_hospital-57084-fr","132":"pa_hospital-69619-fr","133":"pa_hospital-8642-fr","134":"pa_hospital-41318-fr","135":"pa_hospital-37125-fr","136":"pa_hospital-104168-fr","137":"pa_hospital-41528-fr","138":"pa_hospital-41539-fr","139":"pa_hospital-41540-fr","140":"pa_hospital-41761-fr","142":"first","143":"instock","144":"shipping-taxable","145":"purchasable","146":"product-type-variable"},"acf":[],"_links":{"self":[{"href":"https:\/\/test.starlightcanada.org\/fr\/wp-json\/wp\/v2\/product\/14534","targetHints":{"allow":["GET"]}}],"collection":[{"href":"https:\/\/test.starlightcanada.org\/fr\/wp-json\/wp\/v2\/product"}],"about":[{"href":"https:\/\/test.starlightcanada.org\/fr\/wp-json\/wp\/v2\/types\/product"}],"wp:featuredmedia":[{"embeddable":true,"href":"https:\/\/test.starlightcanada.org\/fr\/wp-json\/wp\/v2\/media\/12809"}],"wp:attachment":[{"href":"https:\/\/test.starlightcanada.org\/fr\/wp-json\/wp\/v2\/media?parent=14534"}],"wp:term":[{"taxonomy":"product_brand","embeddable":true,"href":"https:\/\/test.starlightcanada.org\/fr\/wp-json\/wp\/v2\/product_brand?post=14534"},{"taxonomy":"product_cat","embeddable":true,"href":"https:\/\/test.starlightcanada.org\/fr\/wp-json\/wp\/v2\/product_cat?post=14534"},{"taxonomy":"product_tag","embeddable":true,"href":"https:\/\/test.starlightcanada.org\/fr\/wp-json\/wp\/v2\/product_tag?post=14534"}],"curies":[{"name":"wp","href":"https:\/\/api.w.org\/{rel}","templated":true}]}}