{"id":945,"date":"2018-12-10T16:14:42","date_gmt":"2018-12-10T21:14:42","guid":{"rendered":"https:\/\/www.starlightcanada.org\/impliquez-vous\/volunteer\/"},"modified":"2024-10-18T10:21:31","modified_gmt":"2024-10-18T14:21:31","slug":"devenez-benevole","status":"publish","type":"page","link":"https:\/\/test.starlightcanada.org\/fr\/impliquez-vous\/devenez-benevole\/","title":{"rendered":"Devenez b\u00e9n\u00e9vole"},"content":{"rendered":"<h2>Aidez \u00e0 faire une diff\u00e9rence tout en vous amusant\u2009!<\/h2>\n<p><span style=\"font-weight: 400;\">Starlight Canada<\/span><span style=\"font-weight: 400;\"> est extr\u00eamement privil\u00e9gi\u00e9e de pouvoir compter sur une \u00e9quipe incroyable de b\u00e9n\u00e9voles \u00e0 travers le pays\u2009! Nos b\u00e9n\u00e9voles sont loyaux, enthousiastes, remplis de compassion et cherchent constamment \u00e0 aider. Le temps et l\u2019\u00e9nergie qu\u2019ils nous offrent permettent \u00e0 Starlight Canada d\u2019aider les enfants \u00e0 sourire et les parents \u00e0 affronter la maladie. Nous avons une appr\u00e9ciation infinie pour tous nos b\u00e9n\u00e9voles. <\/span><span style=\"font-weight: 400;\">Merci aux b\u00e9n\u00e9voles de Starlight de nous aider \u00e0 accrocher des sourires au visage de centaines d\u2019enfants.<\/span><\/p>\n<h2>Opportunit\u00e9s de b\u00e9n\u00e9volat<\/h2>\n<h3><em><span style=\"text-decoration: underline;\">Trick or Suite de Montr\u00e9al<\/span><\/em><br \/>\nVendredi 1 novembre &#8211; Samedi 2 novembre | Novotel Montr\u00e9al A\u00e9roport<\/h3>\n<p>Trick or Suite ajoute une touche sucr\u00e9e \u00e0 la saison effrayante pour les familles Starlight avec une exp\u00e9rience de collecte de bonbons accessible dans un h\u00f4tel ! Nous avons besoin de b\u00e9n\u00e9voles pour aider \u00e0 transformer les chambres d&rsquo;h\u00f4tel en mondes imaginaires, distribuer des bonbons et plus encore. Il y a plusieurs postes et quarts de travail que nous cherchons \u00e0 pourvoir :<\/p>\n<p><strong>Installation :<\/strong> Vendredi le 1er novembre | 16h \u2013 22h<br \/>\n<strong>Jour de l&rsquo;\u00e9v\u00e9nement :<\/strong> Samedi le 2 novembre | 12h \u2013 22h<\/p>\n<p>Pour \u00eatre b\u00e9n\u00e9vole \u00e0 Trick or Suite Montr\u00e9al, envoyez un courriel \u00e0 Taylor Graziosi, Coordonnatrice d\u2019\u00e9v\u00e9nements sp\u00e9ciaux, \u00e0 <a href=\"mailto:taylor.graziosi@starlightcanada.org\" target=\"_blank\" rel=\"noopener\">taylor.graziosi@starlightcanada.org<\/a> avec vos coordonn\u00e9es compl\u00e8tes.<\/p>\n<h2>Joignez-vous \u00e0 notre famille de b\u00e9n\u00e9voles<\/h2>\n<p><span style=\"font-weight: 400;\">Nous serions ravis que vous vous joigniez \u00e0 Starlight Canada \u00e0 titre de b\u00e9n\u00e9vole\u2009ou stagiaire ! Nos b\u00e9n\u00e9voles sont comme des membres de notre famille et nous sommes toujours \u00e0 la recherche de personnes enthousiastes pour nous pr\u00eater main-forte. Nous offrons pr\u00e9sentement des opportunit\u00e9s pour nous donner un coup de main lors d\u2019\u00e9v\u00e9nements, pour des t\u00e2ches administratives, et plus.<\/span><\/p>\n<p><span style=\"font-weight: 400;\">V\u00e9rification des ant\u00e9c\u00e9dents criminels : apr\u00e8s avoir assist\u00e9 \u00e0 une s\u00e9ance de formation pour b\u00e9n\u00e9voles et avoir accept\u00e9 un r\u00f4le comme b\u00e9n\u00e9vole des programmes de Starlight, vous devrez subir une V\u00e9rification des ant\u00e9c\u00e9dents criminels et fournir des r\u00e9f\u00e9rences afin de commencer vos activit\u00e9s. Notre priorit\u00e9 est d\u2019assurer la s\u00e9curit\u00e9 et le bien-\u00eatre de nos enfants.<\/span><\/p>\n<p>Si vous souhaitez devenir b\u00e9n\u00e9vole pour notre organisme, ou pour en savoir plus, veuillez communiquer avec Taylor Graziosi au 1-888-782-7947 poste 1236 ou par courriel au <a href=\"mailto:taylor.graziosi@starlightcanada.org\" target=\"_blank\" rel=\"noopener\">taylor.graziosi@starlightcanada.org<\/a>.<\/p>\n","protected":false},"excerpt":{"rendered":"<p>Aidez \u00e0 faire une diff\u00e9rence tout en vous amusant\u2009!<\/p>\n<p>Starlight Canada est extr\u00eamement privil\u00e9gi\u00e9e de pouvoir compter sur une \u00e9quipe incroyable de b\u00e9n\u00e9voles \u00e0 travers le pays\u2009! Nos &#8230;<\/p>\n","protected":false},"author":6,"featured_media":0,"parent":937,"menu_order":364,"comment_status":"closed","ping_status":"closed","template":"","meta":{"_acf_changed":false,"give_campaign_id":0,"_lmt_disableupdate":"no","_lmt_disable":"","footnotes":""},"class_list":["post-945","page","type-page","status-publish","hentry"],"acf":[],"campaignId":"","_links":{"self":[{"href":"https:\/\/test.starlightcanada.org\/fr\/wp-json\/wp\/v2\/pages\/945","targetHints":{"allow":["GET"]}}],"collection":[{"href":"https:\/\/test.starlightcanada.org\/fr\/wp-json\/wp\/v2\/pages"}],"about":[{"href":"https:\/\/test.starlightcanada.org\/fr\/wp-json\/wp\/v2\/types\/page"}],"author":[{"embeddable":true,"href":"https:\/\/test.starlightcanada.org\/fr\/wp-json\/wp\/v2\/users\/6"}],"replies":[{"embeddable":true,"href":"https:\/\/test.starlightcanada.org\/fr\/wp-json\/wp\/v2\/comments?post=945"}],"version-history":[{"count":41,"href":"https:\/\/test.starlightcanada.org\/fr\/wp-json\/wp\/v2\/pages\/945\/revisions"}],"predecessor-version":[{"id":21804,"href":"https:\/\/test.starlightcanada.org\/fr\/wp-json\/wp\/v2\/pages\/945\/revisions\/21804"}],"up":[{"embeddable":true,"href":"https:\/\/test.starlightcanada.org\/fr\/wp-json\/wp\/v2\/pages\/937"}],"wp:attachment":[{"href":"https:\/\/test.starlightcanada.org\/fr\/wp-json\/wp\/v2\/media?parent=945"}],"curies":[{"name":"wp","href":"https:\/\/api.w.org\/{rel}","templated":true}]}}