{"id":937,"date":"2018-12-11T09:32:38","date_gmt":"2018-12-11T14:32:38","guid":{"rendered":"https:\/\/www.starlightcanada.org\/?page_id=937"},"modified":"2024-11-20T12:34:18","modified_gmt":"2024-11-20T17:34:18","slug":"impliquez-vous","status":"publish","type":"page","link":"https:\/\/test.starlightcanada.org\/fr\/impliquez-vous\/","title":{"rendered":"Impliquez-vous"},"content":{"rendered":"<h2>Tout le monde peut faire une diff\u00e9rence.<\/h2>\n<p><span style=\"font-weight: 400;\">Voyez ci-dessous de quelle fa\u00e7on vous pouvez contribuer \u00e0 illuminer la vie d\u2019enfants malades de partout au Canada. <\/span><\/p>\n<h3>Enregistrer votre famille !<\/h3>\n<p>La soumission de votre candidature pour devenir une famille Starlight est un processus plut\u00f4t simple !\u00a0Nous vous demandons de nous aider \u00e0 mieux comprendre votre enfant et votre dynamique familiale en remplissant le formulaire du\/de la professionnel(le) de la sant\u00e9 et notre application pour devenir une famille Starlight.<\/p>\n<p><a href=\"https:\/\/www.starlightcanada.org\/fr\/devenir-une-famille-starlight\/\" rel=\"noopener noreferrer\">Inscrivez-vous \u2192<\/a><\/p>\n<h3>\u00c9v\u00e9nements \u00e0 venir<\/h3>\n<p><span style=\"font-weight: 400;\">Starlight Canada a toujours un projet en t\u00eate. Consultez notre calendrier complet pour voir comment vous pouvez vous impliquer. <\/span><\/p>\n<p><a href=\"https:\/\/www.starlightcanada.org\/fr\/events\/\" rel=\"noopener\">Lire la suite \u2192<\/a><\/p>\n<h3><strong>Liste de souhaits dans les h\u00f4pitaux<\/strong><\/h3>\n<p>Contribuez au bien-\u00eatre \u00e9motionnel et psychologique des enfants hospitalis\u00e9s de votre communaut\u00e9 gr\u00e2ce \u00e0 cette plateforme de dons unique en son genre. Premi\u00e8re du genre au Canada, cette plateforme en ligne vous permet de voir en direct les besoins des programmes de Starlight Canada dans plus de 100 h\u00f4pitaux partenaires. Choisissez l&rsquo;h\u00f4pital de votre choix, choisissez votre cadeau, et r\u00e9jouissez-vous en sachant <u>exactement<\/u> o\u00f9 ira votre don.<\/p>\n<p><a href=\"https:\/\/www.starlightcanada.org\/fr\/souhaits-en-hopital\/\">En savoir plus\u00a0\u2192<\/a><\/p>\n<h3>Ourson Starlight<\/h3>\n<p>L&rsquo;\u00e9dition limit\u00e9e 2024 de l\u2019Ourson de collection Starlight<sup>MC<\/sup>, qui en est \u00e0 sa quatorzi\u00e8me ann\u00e9e, pr\u00e9sente Preshy, con\u00e7u par Chlo\u00e9, 7 ans.<\/p>\n<p><a href=\"https:\/\/www.starlightcanada.org\/fr\/impliquez-vous\/ourson-starlight\/\">En savoir plus \u2192<\/a><\/p>\n<h3>Votre anniversaire ou une autre c\u00e9l\u00e9bration arrive prochainement et vous ne voulez pas de cadeaux\u2009?<\/h3>\n<p>Choisissez plut\u00f4t de r\u00e9colter de l\u2019argent pour offrir des cadeaux aux enfants gravement malades et aidez-les \u00e0 f\u00eater leur anniversaire, sachant qu\u2019il n\u2019est pas garanti qu\u2019ils auront la chance d\u2019en vivre un prochain. Au lieu de cadeaux, demandez des dons. Oui, changer des vies peut \u00eatre aussi simple que cela.<\/p>\n<p><a href=\"https:\/\/starlightcelebrates.org\/\" target=\"_blank\" rel=\"noopener noreferrer\">Lire la suite \u2192<\/a><\/p>\n<h3>Promotions sp\u00e9ciales<\/h3>\n<p>Consultez les promotions sp\u00e9ciales de dur\u00e9e limit\u00e9e avant qu\u2019il ne soit trop tard\u2009!<\/p>\n<p><a href=\"https:\/\/www.starlightcanada.org\/fr\/impliquez-vous\/promotions-speciales\/\" rel=\"noopener\">Lire la suite \u2192<\/a><\/p>\n<h3>Organisez une collecte de fonds<\/h3>\n<p><span style=\"font-weight: 400;\">Starlight Canada est reconnaissante de tous les efforts, peu importe l\u2019envergure de l\u2019\u00e9v\u00e9nement.<\/span><\/p>\n<p><a href=\"https:\/\/www.starlightcanada.org\/fr\/organisez-une-collecte-de-fonds\/\" rel=\"noopener\">Lire la suite \u2192<\/a><\/p>\n<h3>Soyez b\u00e9n\u00e9vole<\/h3>\n<p><span style=\"font-weight: 400;\">Aidez \u00e0 faire une diff\u00e9rence \u2013 tout en vous amusant\u2009! <\/span><\/p>\n<p><a href=\"https:\/\/www.starlightcanada.org\/fr\/impliquez-vous\/devenez-benevole\/\" rel=\"noopener\">Lire la suite \u2192<\/a><\/p>\n<h3>Devenez un ambassadeur Starlight<\/h3>\n<p>Vous consid\u00e9rez-vous comme un leader de votre communaut\u00e9\u2009? Devenez un ambassadeur Starlight\u2009!<\/p>\n<p><a href=\"https:\/\/www.starlightcanada.org\/fr\/impliquez-vous\/devenez-un-ambassadeur-starlight\/\" rel=\"noopener\">Lire la suite \u2192<\/a><\/p>\n<h3>Ayez une pens\u00e9e pour les enfants gravement malades dans votre testament<\/h3>\n<p>Laissez un don de bienfaisance et une trace ind\u00e9l\u00e9bile de votre passage.<\/p>\n<p><a href=\"https:\/\/www.starlightcanada.org\/fr\/impliquez-vous\/ayez-une-pensee-pour-les-enfants-gravement-malades-dans-votre-testament\/\" rel=\"noopener\">Lire la suite \u2192<\/a><\/p>\n<h3>Familles pour Starlight<\/h3>\n<p>\u00cates-vous une famille Starlight qui cherche une fa\u00e7on de redonner \u00e0 d\u2019autres familles Starlight ? Maintenant, vous le pouvez !<\/p>\n<p><a href=\"https:\/\/www.starlightcanada.org\/fr\/impliquez-vous\/familles-pour-starlight\/\" rel=\"noopener\">Lire la suite \u2192<\/a><\/p>\n<h3>Team Wishes<\/h3>\n<p>Rejoignez un groupe inspirant d\u2019adolescents, de fr\u00e8res, de s\u0153urs, de m\u00e8res et de gradu\u00e9s de Starlight au c\u0153ur de leur voyage pour exaucer des souhaits.<\/p>\n<p><a href=\"https:\/\/www.starlightcanada.org\/fr\/impliquez-vous\/team-wishes\/\" rel=\"noopener\">Lire la suite \u2192<\/a><\/p>\n<p>&nbsp;<\/p>\n","protected":false},"excerpt":{"rendered":"<p>Tout le monde peut faire une diff\u00e9rence.<\/p>\n<p>Voyez ci-dessous de quelle fa\u00e7on vous pouvez contribuer \u00e0 illuminer la vie d\u2019enfants malades de partout au Canada. <\/p>\n<p>Enregistrer votre famille ! &#8230;<\/p>\n","protected":false},"author":6,"featured_media":0,"parent":0,"menu_order":269,"comment_status":"closed","ping_status":"closed","template":"programs-template.php","meta":{"_acf_changed":false,"give_campaign_id":0,"footnotes":""},"class_list":["post-937","page","type-page","status-publish","hentry"],"acf":[],"campaignId":"","_links":{"self":[{"href":"https:\/\/test.starlightcanada.org\/fr\/wp-json\/wp\/v2\/pages\/937","targetHints":{"allow":["GET"]}}],"collection":[{"href":"https:\/\/test.starlightcanada.org\/fr\/wp-json\/wp\/v2\/pages"}],"about":[{"href":"https:\/\/test.starlightcanada.org\/fr\/wp-json\/wp\/v2\/types\/page"}],"author":[{"embeddable":true,"href":"https:\/\/test.starlightcanada.org\/fr\/wp-json\/wp\/v2\/users\/6"}],"replies":[{"embeddable":true,"href":"https:\/\/test.starlightcanada.org\/fr\/wp-json\/wp\/v2\/comments?post=937"}],"version-history":[{"count":0,"href":"https:\/\/test.starlightcanada.org\/fr\/wp-json\/wp\/v2\/pages\/937\/revisions"}],"wp:attachment":[{"href":"https:\/\/test.starlightcanada.org\/fr\/wp-json\/wp\/v2\/media?parent=937"}],"curies":[{"name":"wp","href":"https:\/\/api.w.org\/{rel}","templated":true}]}}