{"id":892,"date":"2018-12-10T14:38:35","date_gmt":"2018-12-10T19:38:35","guid":{"rendered":"https:\/\/www.starlightcanada.org\/?page_id=892"},"modified":"2019-01-25T14:12:09","modified_gmt":"2019-01-25T19:12:09","slug":"politique-confidentialite","status":"publish","type":"page","link":"https:\/\/test.starlightcanada.org\/fr\/politique-confidentialite\/","title":{"rendered":"Politique de confidentialit\u00e9"},"content":{"rendered":"<h3><b>Notre engagement<\/b><\/h3>\n<p><span style=\"font-weight: 400;\">La Fondation pour l\u2019enfance Starlight<\/span><span style=\"font-weight: 400;\">\u00a0Canada (la \u00ab\u00a0Fondation\u00a0\u00bb) s\u2019engage \u00e0 prot\u00e9ger le respect \u00e0 la vie priv\u00e9e et la confidentialit\u00e9 des renseignements personnels recueillis par notre Fondation, de la part de ses employ\u00e9s, donateurs, clients (familles Starlight) et b\u00e9n\u00e9voles. Nous sommes conscients de nos responsabilit\u00e9s en vertu de la <\/span><i><span style=\"font-weight: 400;\">Loi sur la protection des renseignements personnels et les documents \u00e9lectroniques<\/span><\/i><span style=\"font-weight: 400;\"> (LPRPDE). Tout renseignement personnellement identifiable sur nos employ\u00e9s, donateurs, clients et b\u00e9n\u00e9voles est consid\u00e9r\u00e9 un renseignement personnel et sera trait\u00e9 comme tel en accord avec cette politique de confidentialit\u00e9.<\/span><\/p>\n<h3><b>D\u00e9finition de renseignements personnels<\/b><\/h3>\n<p><span style=\"font-weight: 400;\">Un renseignement personnel constitue toute information pouvant \u00eatre utilis\u00e9e pour distinguer, identifier ou communiquer avec un individu en particulier. Ces renseignements peuvent inclure les opinions ou croyances d\u2019un individu, de m\u00eame que des faits concernant l\u2019individu ou qui lui sont reli\u00e9s. <\/span><i><span style=\"font-weight: 400;\">Exceptions\u00a0: coordonn\u00e9es de l\u2019entreprise et certains renseignements disponibles publiquement, tels que le nom, l\u2019adresse et les num\u00e9ros de t\u00e9l\u00e9phone publi\u00e9s dans des annuaires t\u00e9l\u00e9phoniques, ne sont pas consid\u00e9r\u00e9s comme \u00e9tant des renseignements personnels. <\/span><\/i><\/p>\n<h3><b>Renseignements recueillis<\/b><\/h3>\n<p><span style=\"font-weight: 400;\">Lorsque vous visitez notre site web, notre serveur web enregistre automatiquement le nom de domaine et des renseignements standards \u00e0 propos du syst\u00e8me d\u2019op\u00e9ration et du navigateur web que vous utilisez, tel que fourni par votre navigateur web. Ces renseignements ne sont utilis\u00e9s qu\u2019\u00e0 des fins statistiques afin de nous aider \u00e0 g\u00e9rer notre site, mais ne vous identifient d\u2019aucune fa\u00e7on.<\/span><\/p>\n<h3><b>Formulaires de renseignements <\/b><\/h3>\n<p><span style=\"font-weight: 400;\">Pour communiquer avec nous, les formulaires d\u2019inscription et ceux de l\u2019infolettre vous demandent de fournir des renseignements tels que votre nom, adresse, num\u00e9ro de t\u00e9l\u00e9phone et adresse courriel. Ces renseignements sont utilis\u00e9s dans le but de nous permettre de r\u00e9pondre \u00e0 votre demande. La Fondation peut communiquer avec vous pour plus de renseignements li\u00e9s \u00e0 votre demande, obtenir vos commentaires ou vous informer sur nos activit\u00e9s, incluant nos programmes, services, \u00e9v\u00e9nements sp\u00e9ciaux, besoins en mati\u00e8re de financement et d\u2019occasions de faire du b\u00e9n\u00e9volat ou un don.<\/span><\/p>\n<h3><b>Pratiques de confidentialit\u00e9 <\/b><\/h3>\n<p><span style=\"font-weight: 400;\">La Fondation recueille, utilise, retient et divulgue que des renseignements qui sont n\u00e9cessaires \u00e0 des fins identifi\u00e9es ou requises par la loi. Si l\u2019on vous demande des renseignements personnels pour toute autre fin, on doit en aviser les personnes appropri\u00e9es et cela est assujetti au consentement des individus. <\/span><\/p>\n<p><span style=\"font-weight: 400;\">La Fondation ne recueillera seulement des renseignements personnels que par des moyens l\u00e9gaux et ne gardera ces renseignements personnels qu\u2019aussi longtemps que n\u00e9cessaire. Les renseignements personnels qui ne sont plus n\u00e9cessaires seront d\u00e9truits ou effac\u00e9s.<\/span><\/p>\n<h3><b>Site web et commerce \u00e9lectronique<\/b><\/h3>\n<p><span style=\"font-weight: 400;\">La Fondation utilisera les services de Paiements Pivotal, une technologie de cryptage s\u00e9curitaire afin d\u2019assurer l\u2019int\u00e9grit\u00e9 et la confidentialit\u00e9 des renseignements personnels et ceux de la carte de cr\u00e9dit que vous fournissez lorsque vous souhaiter effectuer un don en ligne ou vous inscrire \u00e0 un \u00e9v\u00e9nement. <\/span><\/p>\n<p><span style=\"font-weight: 400;\">La Fondation n\u2019est pas responsable des contenus des pratiques de confidentialit\u00e9 de tout renseignement \u00e9lectronique \u00ab\u00a0externe\u00a0\u00bb ou ceux des sites web auxquels le site web de la Fondation est li\u00e9 ou fait r\u00e9f\u00e9rence. L\u2019inclusion de tout lien n\u2019implique pas l\u2019endossement du site par la Fondation. L\u2019utilisation de tout tel site web en hyperlien est aux risques de l\u2019utilisateur. <\/span><\/p>\n<h3><b>Exactitude et entreposage des renseignements personnels<\/b><\/h3>\n<p><span style=\"font-weight: 400;\">La Fondation gardera les renseignements personnels les plus pr\u00e9cis, complets, \u00e0 jour et tels que n\u00e9cessaires aux fins auxquelles ils doivent \u00eatre utilis\u00e9s en accord avec <\/span><i><span style=\"font-weight: 400;\">la Loi canadienne anti-pourriel<\/span><\/i><span style=\"font-weight: 400;\"> (LCAP). <\/span><\/p>\n<p><span style=\"font-weight: 400;\">La Fondation prot\u00e9gera les Renseignements personnels au moyen de m\u00e9canismes de s\u00e9curit\u00e9 appropri\u00e9s \u00e0 la nature sensible des renseignements. Les m\u00e9canismes de s\u00e9curit\u00e9 doivent prot\u00e9ger les renseignements personnels contre la perte ou le vol, de m\u00eame que contre un acc\u00e8s, une divulgation ou une copie non-autoris\u00e9. <\/span><\/p>\n<p><span style=\"font-weight: 400;\">Les m\u00e9thodes de protection incluront\u00a0: <\/span><\/p>\n<p><span style=\"font-weight: 400;\">&#8211; Mesure physique \u2013 verrouiller les classeurs et les acc\u00e8s restreints aux bureaux.<br \/>\n<\/span><span style=\"font-weight: 400;\">&#8211; Mesures organisationnelles \u2013 cotes de s\u00e9curit\u00e9 et limiter l\u2019acc\u00e8s seulement aux personnes qui en ont besoin.<br \/>\n<\/span><span style=\"font-weight: 400;\">&#8211; Mesures technologiques \u2013 l\u2019utilisation de mots de passe et de cryptage. <\/span><\/p>\n<p><span style=\"font-weight: 400;\">La Fondation sera ouverte \u00e0 propos de ses politiques et pratiques li\u00e9es \u00e0 la gestion des renseignements personnels. Les individus doivent \u00eatre en mesure d\u2019obtenir ces renseignements sans effort raisonnable. <\/span><\/p>\n<h3><b>Acc\u00e8s individuel<\/b><\/h3>\n<p><span style=\"font-weight: 400;\">Tous les individus doivent \u00eatre inform\u00e9s de l\u2019existence, de l\u2019utilisation et de la divulgation de leurs renseignements personnels et on doit leur donner acc\u00e8s \u00e0 ces renseignements. <\/span><\/p>\n<p><span style=\"font-weight: 400;\">Nous ne divulguerons pas vos donn\u00e9es personnelles \u00e0 d\u2019autres organisations, ni ne louerons, vendrons ou \u00e9changerons nos listes de distribution. <\/span><\/p>\n<p><span style=\"font-weight: 400;\">La Fondation r\u00e9pondra \u00e0 la demande d\u2019un individu d\u2019obtenir ses Renseignements personnels, et en tout temps, il\/elle peut contester l\u2019exactitude et la compl\u00e9tude de ces renseignements.<\/span><\/p>\n<h3><b>Coordonn\u00e9es de l\u2019agent de protection de la vie priv\u00e9e <\/b><\/h3>\n<p><span style=\"font-weight: 400;\">Fondation pour l\u2019enfance Starlight Canada <\/span><span style=\"font-weight: 400;\"><br \/>\n<\/span><strong><a href=\"mailto:info@starlightcanada.org\">info@starlightcanada.org<\/a><\/strong><\/p>\n","protected":false},"excerpt":{"rendered":"<p>Notre engagement<\/p>\n<p>La Fondation pour l\u2019enfance Starlight\u00a0Canada (la \u00ab\u00a0Fondation\u00a0\u00bb) s\u2019engage \u00e0 prot\u00e9ger le respect \u00e0 la vie priv\u00e9e et la confidentialit\u00e9 des renseignements personnels recueillis par notre &#8230;<\/p>\n","protected":false},"author":6,"featured_media":0,"parent":0,"menu_order":309,"comment_status":"closed","ping_status":"closed","template":"","meta":{"_acf_changed":false,"give_campaign_id":0,"footnotes":""},"class_list":["post-892","page","type-page","status-publish","hentry"],"acf":[],"campaignId":"","_links":{"self":[{"href":"https:\/\/test.starlightcanada.org\/fr\/wp-json\/wp\/v2\/pages\/892","targetHints":{"allow":["GET"]}}],"collection":[{"href":"https:\/\/test.starlightcanada.org\/fr\/wp-json\/wp\/v2\/pages"}],"about":[{"href":"https:\/\/test.starlightcanada.org\/fr\/wp-json\/wp\/v2\/types\/page"}],"author":[{"embeddable":true,"href":"https:\/\/test.starlightcanada.org\/fr\/wp-json\/wp\/v2\/users\/6"}],"replies":[{"embeddable":true,"href":"https:\/\/test.starlightcanada.org\/fr\/wp-json\/wp\/v2\/comments?post=892"}],"version-history":[{"count":0,"href":"https:\/\/test.starlightcanada.org\/fr\/wp-json\/wp\/v2\/pages\/892\/revisions"}],"wp:attachment":[{"href":"https:\/\/test.starlightcanada.org\/fr\/wp-json\/wp\/v2\/media?parent=892"}],"curies":[{"name":"wp","href":"https:\/\/api.w.org\/{rel}","templated":true}]}}