{"id":848,"date":"2018-12-03T16:38:35","date_gmt":"2018-12-03T21:38:35","guid":{"rendered":"https:\/\/www.starlightcanada.org\/nos-programmes\/starlight-day-brighteners\/"},"modified":"2024-08-27T11:52:01","modified_gmt":"2024-08-27T15:52:01","slug":"illuminateurs-journee-starlight","status":"publish","type":"page","link":"https:\/\/test.starlightcanada.org\/fr\/nos-programmes\/illuminateurs-journee-starlight\/","title":{"rendered":"Souhaits d\u2019Illuminateur de journ\u00e9e Starlight<sup>MC<\/sup>"},"content":{"rendered":"<p>Les Souhaits d\u2019Illuminateur de journ\u00e9e Starlight\u00a0font exactement ce que leur nom laisse entendre : ils illuminent la journ\u00e9e (ou la soir\u00e9e) d\u2019un enfant malade\u2009! Parfois, tout ce qu&rsquo;un enfant souhaite est une pause des h\u00f4pitaux, des traitements et des th\u00e9rapies. Que ce soit pour encourager une \u00e9quipe lors d\u2019un match sportif, assister \u00e0 un concert, apprendre dans un mus\u00e9e ou plus encore, un Souhait d\u2019Illuminateur de journ\u00e9e aide les familles Starlight \u00e0 se d\u00e9tendre et \u00e0 s\u2019amuser pendant quelques heures\u2009! Facilement conciliables avec les horaires des h\u00f4pitaux, ces sorties excitantes sont les remontants id\u00e9aux.<\/p>\n<p>Les billets pour ces \u00e9v\u00e9nements sont partag\u00e9s \u00e9quitablement entre toutes les familles Starlight et Starlight Canada s\u2019assure de les distribuer sur une base r\u00e9guli\u00e8re ou \u00e0 mesure que nous les recevons. Les enfants qui font partie de notre programme Souhaits de Grandes \u00e9vasions<span style=\"font-weight: 400;\"><sup style=\"font-size: 9px; vertical-align: 1em;\">\u00ae<\/sup><\/span> Starlight sont automatiquement invit\u00e9s \u00e0 participer au programme Souhaits d\u2019Illuminateur de journ\u00e9e Starlight.<\/p>\n<p><strong>Saviez-vous que vous pouvez faire don \u00e0 Starlight Canada de billets pour des \u00e9v\u00e9nements sportifs, des concerts ou d&rsquo;autres activit\u00e9s uniques \u00e0 venir ? Transformez vos billets en sourires d\u00e8s aujourd&rsquo;hui en communiquant avec <\/strong><a href=\"mailto:starlightfun@starlightcanada.org\" target=\"_blank\" rel=\"noopener\">starlightfun@starlightcanada.org<\/a><strong> et obtenez un re\u00e7u fiscal en retour !<\/strong><\/p>\n<h3>\u00ab\u00a0Il y avait longtemps que je n&rsquo;avais pas vu mon fils sourire et vivre une vie \u00ab\u00a0normale\u00a0\u00bb d\u2019enfant de 6 ans. C&rsquo;est la premi\u00e8re fois dans son parcours que lui et moi avons pu v\u00e9ritablement passer du temps ensemble. Gr\u00e2ce \u00e0 vous, son r\u00eave est devenu r\u00e9alit\u00e9 et j&rsquo;ai pu vivre de beaux moments avec mon meilleur ami !\u00a0\u00bb <em>\u2013 Jenny, maman Starlight de Blake, 7 ans, qui vit avec des l\u00e9sions c\u00e9r\u00e9brales, l\u2019\u00e9pilepsie et d\u2019autres diagnostics<\/em><\/h3>\n<p><img decoding=\"async\" class=\"wp-image-15865 size-full aligncenter\" src=\"https:\/\/www.starlightcanada.org\/wp-content\/uploads\/2023\/01\/Day-Brighteners-1.jpg\" alt=\"\" width=\"1024\" height=\"360\" srcset=\"https:\/\/test.starlightcanada.org\/wp-content\/uploads\/2023\/01\/Day-Brighteners-1.jpg 1024w, https:\/\/test.starlightcanada.org\/wp-content\/uploads\/2023\/01\/Day-Brighteners-1-400x141.jpg 400w, https:\/\/test.starlightcanada.org\/wp-content\/uploads\/2023\/01\/Day-Brighteners-1-300x105.jpg 300w, https:\/\/test.starlightcanada.org\/wp-content\/uploads\/2023\/01\/Day-Brighteners-1-768x270.jpg 768w\" sizes=\"(max-width: 709px) 85vw, (max-width: 909px) 67vw, (max-width: 1362px) 62vw, 840px\" \/><\/p>\n<hr \/>\n<p><em>*Offerts r\u00e9guli\u00e8rement en Alberta, Colombie- Britannique, Ontario et au Qu\u00e9bec. De temps \u00e0 autre, nous recevons des billets pour des \u00e9v\u00e9nements dans d\u2019autres villes du Canada et nous les distribuons aux familles selon leur disponibilit\u00e9.<\/em><\/p>\n","protected":false},"excerpt":{"rendered":"<p>Les Souhaits d\u2019Illuminateur de journ\u00e9e Starlight\u00a0font exactement ce que leur nom laisse entendre : ils illuminent la journ\u00e9e (ou la soir\u00e9e) d\u2019un enfant malade\u2009! Parfois, tout ce qu&rsquo;un &#8230;<\/p>\n","protected":false},"author":6,"featured_media":15863,"parent":436,"menu_order":333,"comment_status":"closed","ping_status":"closed","template":"","meta":{"_acf_changed":false,"give_campaign_id":0,"footnotes":""},"class_list":["post-848","page","type-page","status-publish","has-post-thumbnail","hentry"],"acf":[],"campaignId":"","_links":{"self":[{"href":"https:\/\/test.starlightcanada.org\/fr\/wp-json\/wp\/v2\/pages\/848","targetHints":{"allow":["GET"]}}],"collection":[{"href":"https:\/\/test.starlightcanada.org\/fr\/wp-json\/wp\/v2\/pages"}],"about":[{"href":"https:\/\/test.starlightcanada.org\/fr\/wp-json\/wp\/v2\/types\/page"}],"author":[{"embeddable":true,"href":"https:\/\/test.starlightcanada.org\/fr\/wp-json\/wp\/v2\/users\/6"}],"replies":[{"embeddable":true,"href":"https:\/\/test.starlightcanada.org\/fr\/wp-json\/wp\/v2\/comments?post=848"}],"version-history":[{"count":0,"href":"https:\/\/test.starlightcanada.org\/fr\/wp-json\/wp\/v2\/pages\/848\/revisions"}],"up":[{"embeddable":true,"href":"https:\/\/test.starlightcanada.org\/fr\/wp-json\/wp\/v2\/pages\/436"}],"wp:featuredmedia":[{"embeddable":true,"href":"https:\/\/test.starlightcanada.org\/fr\/wp-json\/wp\/v2\/media\/15863"}],"wp:attachment":[{"href":"https:\/\/test.starlightcanada.org\/fr\/wp-json\/wp\/v2\/media?parent=848"}],"curies":[{"name":"wp","href":"https:\/\/api.w.org\/{rel}","templated":true}]}}