{"id":827,"date":"2018-12-03T14:27:49","date_gmt":"2018-12-03T19:27:49","guid":{"rendered":"https:\/\/www.starlightcanada.org\/?page_id=827"},"modified":"2024-08-27T11:50:40","modified_gmt":"2024-08-27T15:50:40","slug":"coffres-a-jouets-starlight","status":"publish","type":"page","link":"https:\/\/test.starlightcanada.org\/fr\/nos-programmes\/coffres-a-jouets-starlight\/","title":{"rendered":"Coffres \u00e0 jouets Starlight"},"content":{"rendered":"<p>Les Coffres \u00e0 jouets Starlight vous garantissent qu&rsquo;il y a toujours quelque chose \u00e0 faire \u00e0 l&rsquo;h\u00f4pital autre que de rester seul avec le stress du traitement ou de l\u2019attente du prochain rendez-vous. Remplis d&rsquo;une vari\u00e9t\u00e9 de petits casse-t\u00eates, de jeux et de jouets qui sauront divertir les enfants de tous les \u00e2ges, les Coffres \u00e0 jouets Starlight sont \u00e0 votre disposition pour vous faire plaisir et vous remonter le moral. Les jouets sont livr\u00e9s dans un bac sp\u00e9cial fourni par Starlight Canada qui peut \u00eatre facilement nettoy\u00e9 pour le contr\u00f4le des infections et qui est rempli au moins deux fois par ann\u00e9e pour que le plaisir ne manque jamais !<\/p>\n<p>Aidez \u00e0 r\u00e9pondre \u00e0 ce besoin de programme exprim\u00e9 par un h\u00f4pital de votre communaut\u00e9 gr\u00e2ce \u00e0 notre Liste de souhaits dans les h\u00f4pitaux. <a href=\"https:\/\/www.starlightcanada.org\/fr\/souhaits-en-hopital\/\">Cliquez ici<\/a>.<\/p>\n<h3>\u00ab\u00a0L&rsquo;une des infirmi\u00e8res, qui est technicienne de laboratoire et doit effectuer piq\u00fbres et injections sur de nombreux petits, affirme que les jouets lui sauvent la vie et qu&rsquo;elle n&rsquo;a plus l&rsquo;impression de jouer le r\u00f4le de \u00ab\u00a0la m\u00e9chante\u00a0\u00bb. Vos dons changent la vie de certains membres du personnel et des patients qui viennent \u00e0 nous.\u00a0\u00bb <em>\u2013 Tiegan, responsable de l\u2019inventaire au Kelowna General Hospital<\/em><\/h3>\n<p><img decoding=\"async\" class=\"wp-image-15846 size-full aligncenter\" src=\"https:\/\/www.starlightcanada.org\/wp-content\/uploads\/2023\/01\/Treasure-Chests.jpg\" alt=\"\" width=\"1024\" height=\"360\" srcset=\"https:\/\/test.starlightcanada.org\/wp-content\/uploads\/2023\/01\/Treasure-Chests.jpg 1024w, https:\/\/test.starlightcanada.org\/wp-content\/uploads\/2023\/01\/Treasure-Chests-400x141.jpg 400w, https:\/\/test.starlightcanada.org\/wp-content\/uploads\/2023\/01\/Treasure-Chests-300x105.jpg 300w, https:\/\/test.starlightcanada.org\/wp-content\/uploads\/2023\/01\/Treasure-Chests-768x270.jpg 768w\" sizes=\"(max-width: 709px) 85vw, (max-width: 909px) 67vw, (max-width: 1362px) 62vw, 840px\" \/><\/p>\n","protected":false},"excerpt":{"rendered":"<p>Les Coffres \u00e0 jouets Starlight vous garantissent qu&rsquo;il y a toujours quelque chose \u00e0 faire \u00e0 l&rsquo;h\u00f4pital autre que de rester seul avec le stress du traitement ou de l\u2019attente &#8230;<\/p>\n","protected":false},"author":6,"featured_media":15848,"parent":436,"menu_order":348,"comment_status":"closed","ping_status":"closed","template":"programs-template.php","meta":{"_acf_changed":false,"give_campaign_id":0,"footnotes":""},"class_list":["post-827","page","type-page","status-publish","has-post-thumbnail","hentry"],"acf":[],"campaignId":"","_links":{"self":[{"href":"https:\/\/test.starlightcanada.org\/fr\/wp-json\/wp\/v2\/pages\/827","targetHints":{"allow":["GET"]}}],"collection":[{"href":"https:\/\/test.starlightcanada.org\/fr\/wp-json\/wp\/v2\/pages"}],"about":[{"href":"https:\/\/test.starlightcanada.org\/fr\/wp-json\/wp\/v2\/types\/page"}],"author":[{"embeddable":true,"href":"https:\/\/test.starlightcanada.org\/fr\/wp-json\/wp\/v2\/users\/6"}],"replies":[{"embeddable":true,"href":"https:\/\/test.starlightcanada.org\/fr\/wp-json\/wp\/v2\/comments?post=827"}],"version-history":[{"count":0,"href":"https:\/\/test.starlightcanada.org\/fr\/wp-json\/wp\/v2\/pages\/827\/revisions"}],"up":[{"embeddable":true,"href":"https:\/\/test.starlightcanada.org\/fr\/wp-json\/wp\/v2\/pages\/436"}],"wp:featuredmedia":[{"embeddable":true,"href":"https:\/\/test.starlightcanada.org\/fr\/wp-json\/wp\/v2\/media\/15848"}],"wp:attachment":[{"href":"https:\/\/test.starlightcanada.org\/fr\/wp-json\/wp\/v2\/media?parent=827"}],"curies":[{"name":"wp","href":"https:\/\/api.w.org\/{rel}","templated":true}]}}