{"id":824,"date":"2018-12-03T14:18:08","date_gmt":"2018-12-03T19:18:08","guid":{"rendered":"https:\/\/www.starlightcanada.org\/?page_id=824"},"modified":"2024-08-27T11:34:26","modified_gmt":"2024-08-27T15:34:26","slug":"trousses-reconfort-starlight","status":"publish","type":"page","link":"https:\/\/test.starlightcanada.org\/fr\/nos-programmes\/trousses-reconfort-starlight\/","title":{"rendered":"Trousses r\u00e9confort Starlight"},"content":{"rendered":"<p>Nous savons que les visites \u00e0 l&rsquo;h\u00f4pital sont difficiles pour tout le monde. Con\u00e7ues pour les b\u00e9b\u00e9s, les adolescents et les parents, nos Trousses r\u00e9confort Starlight offrent confort, distraction et divertissement \u00e0 toute la famille et insufflent un peu de paix dans une situation stressante.<\/p>\n<p>Comme de nombreux enfants gravement malades ne peuvent se permettre de partager leurs jouets \u00e0 l&rsquo;h\u00f4pital en raison du contr\u00f4le des infections, les Trousses r\u00e9confort Starlight Canada sont d\u2019autant plus importantes pour garder le moral et faciliter la socialisation avec le personnel de l&rsquo;h\u00f4pital. Un simple sourire peut parfois \u00eatre le meilleur des rem\u00e8des !<\/p>\n<p>Starlight Canada propose 4 types de Trousses r\u00e9confort ayant d\u2019abord \u00e9t\u00e9 con\u00e7ues pour r\u00e9pondre aux besoins des enfants et des membres de la famille de tous \u00e2ges : les Trousses pour b\u00e9b\u00e9s, les Trousses pour tout-petits, les Trousses pour ados, et les Trousses d\u2019admission.<\/p>\n<p><img decoding=\"async\" class=\"wp-image-15834 size-full aligncenter\" src=\"https:\/\/www.starlightcanada.org\/wp-content\/uploads\/2023\/01\/Comfort-Kits.jpg\" alt=\"\" width=\"1024\" height=\"360\" srcset=\"https:\/\/test.starlightcanada.org\/wp-content\/uploads\/2023\/01\/Comfort-Kits.jpg 1024w, https:\/\/test.starlightcanada.org\/wp-content\/uploads\/2023\/01\/Comfort-Kits-400x141.jpg 400w, https:\/\/test.starlightcanada.org\/wp-content\/uploads\/2023\/01\/Comfort-Kits-300x105.jpg 300w, https:\/\/test.starlightcanada.org\/wp-content\/uploads\/2023\/01\/Comfort-Kits-768x270.jpg 768w\" sizes=\"(max-width: 709px) 85vw, (max-width: 909px) 67vw, (max-width: 1362px) 62vw, 840px\" \/><\/p>\n<h3><strong>Trousses pour b\u00e9b\u00e9s<\/strong><\/h3>\n<p>D\u00e8s les premiers signes de complications de sant\u00e9 jusqu\u2019aux op\u00e9rations d\u2019urgence, de nombreux b\u00e9b\u00e9s demeurent coinc\u00e9s \u00e0 l\u2019h\u00f4pital ou \u00e0 l\u2019unit\u00e9 de soins intensifs pendant des jours, voire des mois. Nos <strong>Trousses pour b\u00e9b\u00e9s<\/strong> offrent \u00e0 ces familles un rayon de lumi\u00e8re pendant ces jours sombres et vuln\u00e9rables. Regorgeant de toutes sortes de jouets, les Trousses pour b\u00e9b\u00e9s facilitent quelque peu l\u2019hospitalisation en aidant les plus petits patients de l\u2019h\u00f4pital \u00e0 sourire et en aidant leur famille \u00e0 faire face \u00e0 la maladie.<\/p>\n<h3><strong>Trousses pour tout-petits<\/strong><\/h3>\n<p>\u00c0 un \u00e2ge o\u00f9 tout enfant souhaite simplement jouer et explorer le monde qui l&rsquo;entoure, le fait d\u2019\u00eatre contraint par la maladie et l&rsquo;hospitalisation est une exp\u00e9rience absolument d\u00e9chirante pour de nombreux enfants et leurs familles. Nos <strong>Trousses pour tout-petits<\/strong> sont l\u00e0 pour aider \u00e0 ramener une partie de la joie et de l&rsquo;esprit de l\u2019enfance que la maladie leur a enlev\u00e9s. Avec une grande vari\u00e9t\u00e9 de jouets et de distractions adapt\u00e9s aux tout-petits, ces trousses rompent la routine de l&rsquo;h\u00f4pital et garantissent qu&rsquo;il est toujours temps d&rsquo;\u00eatre un enfant.<\/p>\n<h3><strong>Trousses pour ados<\/strong><\/h3>\n<p>Il est facile de se sentir isol\u00e9 et effray\u00e9 lorsqu\u2019on est un adolescent coinc\u00e9 \u00e0 l\u2019h\u00f4pital. Pendant que leurs amis s&rsquo;amusent, beaucoup d&rsquo;ados ont de la difficult\u00e9 \u00e0 accepter que la lutte qu\u2019ils m\u00e8nent contre la maladie les emp\u00eache de vivre certaines exp\u00e9riences propres \u00e0 l\u2019adolescence. Nos<strong> Trousses pour ados<\/strong> sont con\u00e7ues pour procurer un soulagement \u00e9motionnel aux adolescents hospitalis\u00e9s et leur montrer qu\u2019ils ne sont pas seuls !<\/p>\n<h3><strong>Trousses d\u2019admission<\/strong><\/h3>\n<p>Souvent, un enfant est conduit d&rsquo;urgence \u00e0 l&rsquo;h\u00f4pital \u00e0 cause d\u2019un probl\u00e8me soudain, d\u2019une rechute ou d\u2019une autre situation critique. En ces temps exceptionnellement stressants et urgents, un parent n\u2019a que faire de pr\u00e9parer une valise pour son enfant. Appr\u00e9ci\u00e9es des familles, les <strong>Trousses d\u2019admission<\/strong> sont express\u00e9ment con\u00e7ues pour ces moments inattendus et fournissent les \u00e9l\u00e9ments essentiels pour aider l\u2019enfant et la famille \u00e0 traverser cette premi\u00e8re nuit difficile, car nous savons qu\u2019un peu de r\u00e9confort peut aller tr\u00e8s loin.<\/p>\n<p>Aidez \u00e0 r\u00e9pondre \u00e0 ce besoin de programme exprim\u00e9 par un h\u00f4pital de votre communaut\u00e9 gr\u00e2ce \u00e0 notre Liste de souhaits dans les h\u00f4pitaux. <a href=\"https:\/\/www.starlightcanada.org\/fr\/souhaits-en-hopital\/\">Cliquez ici<\/a>.<\/p>\n<h3>\u00ab\u00a0Je n&rsquo;\u00e9tais vraiment pas pr\u00e9par\u00e9e \u00e0 \u00eatre admise \u00e0 l&rsquo;h\u00f4pital avec ma fille. Apr\u00e8s une tr\u00e8s longue journ\u00e9e pass\u00e9e dans deux urgences diff\u00e9rentes, comme il fut merveilleux de monter dans sa chambre et d\u2019apercevoir cette trousse ! Nous avons grandement appr\u00e9ci\u00e9 le geste et avons tout de suite utilis\u00e9 tout ce qu&rsquo;elle contenait !\u00a0\u00bb <em>\u2013 Kelly, maman d\u2019une patiente p\u00e9diatrique<\/em><\/h3>\n","protected":false},"excerpt":{"rendered":"<p>Nous savons que les visites \u00e0 l&rsquo;h\u00f4pital sont difficiles pour tout le monde. Con\u00e7ues pour les b\u00e9b\u00e9s, les adolescents et les parents, nos Trousses r\u00e9confort Starlight offrent confort, distraction et &#8230;<\/p>\n","protected":false},"author":6,"featured_media":15836,"parent":436,"menu_order":330,"comment_status":"closed","ping_status":"closed","template":"programs-template.php","meta":{"_acf_changed":false,"give_campaign_id":0,"footnotes":""},"class_list":["post-824","page","type-page","status-publish","has-post-thumbnail","hentry"],"acf":[],"campaignId":"","_links":{"self":[{"href":"https:\/\/test.starlightcanada.org\/fr\/wp-json\/wp\/v2\/pages\/824","targetHints":{"allow":["GET"]}}],"collection":[{"href":"https:\/\/test.starlightcanada.org\/fr\/wp-json\/wp\/v2\/pages"}],"about":[{"href":"https:\/\/test.starlightcanada.org\/fr\/wp-json\/wp\/v2\/types\/page"}],"author":[{"embeddable":true,"href":"https:\/\/test.starlightcanada.org\/fr\/wp-json\/wp\/v2\/users\/6"}],"replies":[{"embeddable":true,"href":"https:\/\/test.starlightcanada.org\/fr\/wp-json\/wp\/v2\/comments?post=824"}],"version-history":[{"count":0,"href":"https:\/\/test.starlightcanada.org\/fr\/wp-json\/wp\/v2\/pages\/824\/revisions"}],"up":[{"embeddable":true,"href":"https:\/\/test.starlightcanada.org\/fr\/wp-json\/wp\/v2\/pages\/436"}],"wp:featuredmedia":[{"embeddable":true,"href":"https:\/\/test.starlightcanada.org\/fr\/wp-json\/wp\/v2\/media\/15836"}],"wp:attachment":[{"href":"https:\/\/test.starlightcanada.org\/fr\/wp-json\/wp\/v2\/media?parent=824"}],"curies":[{"name":"wp","href":"https:\/\/api.w.org\/{rel}","templated":true}]}}