{"id":516,"date":"2017-04-07T10:17:27","date_gmt":"2017-04-07T14:17:27","guid":{"rendered":"https:\/\/www.starlightcanada.org\/?page_id=516\/"},"modified":"2024-06-11T09:01:28","modified_gmt":"2024-06-11T13:01:28","slug":"nos-finances","status":"publish","type":"page","link":"https:\/\/test.starlightcanada.org\/fr\/a-propos\/nos-finances\/","title":{"rendered":"Nos finances"},"content":{"rendered":"<p><span style=\"font-weight: 400;\">La Fondation pour l&rsquo;enfance Starlight Canada<\/span><span style=\"font-weight: 400;\"> s\u2019engage \u00e0 demeurer enti\u00e8rement transparente et imputable envers nos donateurs, le conseil d&rsquo;administration et les familles que nous desservons. <\/span><\/p>\n<h2><b>Rapports financiers de Starlight <\/b><\/h2>\n<p><span style=\"font-weight: 400;\">Notre num\u00e9ro d&rsquo;organisme de bienfaisance enregistr\u00e9 est le 13129\u00a05693 RR0001. Pour consulter nos donn\u00e9es financi\u00e8res, veuillez cliquer sur les liens indiqu\u00e9s ci-dessous. <\/span><\/p>\n<p><a href=\"https:\/\/www.starlightcanada.org\/wp-content\/uploads\/2024\/05\/2023-12-31-Starlight-Childrens-Foundation-Canada-AFS.pdf\" target=\"_blank\" rel=\"noopener\">Financial Statements &#8211; December 31, 2023<\/a><br \/>\n<a href=\"https:\/\/www.starlightcanada.org\/wp-content\/uploads\/2023\/06\/2022-12-31-Starlight-Childrens-Foundation-Canada-AFS.pdf\" target=\"_blank\" rel=\"noopener\">Financial Statements &#8211; December 31, 2022<\/a><br \/>\n<a href=\"https:\/\/www.starlightcanada.org\/wp-content\/uploads\/2022\/08\/STARLI-Starlight-Childrens-Foundation-Canada-Audit-2021-FS-signed.pdf\" target=\"_blank\" rel=\"noopener\">Financial Statements &#8211; December 31, 2021<\/a><br \/>\n<a href=\"https:\/\/www.starlightcanada.org\/wp-content\/uploads\/2021\/07\/STARLI-Starlight-Childrens-Foundation-Canada-Audit-2020-FS-signed.pdf\" target=\"_blank\" rel=\"noopener noreferrer\">Financial Statements &#8211; December 31, 2020<\/a><br \/>\n<a href=\"https:\/\/www.starlightcanada.org\/wp-content\/uploads\/2020\/11\/STARLI-Starlight-Childrens-Foundation-Canada-Audit-2019-FS-signed.pdf\" target=\"_blank\" rel=\"noopener noreferrer\">Financial Statements &#8211; December 31, 2019<\/a><a href=\"https:\/\/www.starlightcanada.org\/wp-content\/uploads\/2018\/12\/Financial-Statements-December-31-2017.pdf\" target=\"_blank\" rel=\"noopener noreferrer\"><br \/>\n<\/a><a href=\"https:\/\/www.starlightcanada.org\/wp-content\/uploads\/2019\/10\/STARLI-Starlight-Childrens-Foundation-Canada-Audit-2018-FS-Sign....pdf\" target=\"_blank\" rel=\"noopener noreferrer\">Financial Statements \u2013 December 31, 2018<\/a><a href=\"\/wp-content\/uploads\/2019\/10\/STARLI-Starlight-Childrens-Foundation-Canada-Audit-2018-FS-Sign....pdf\" target=\"_blank\" rel=\"noopener noreferrer\"><br \/>\n<\/a><a href=\"https:\/\/www.starlightcanada.org\/wp-content\/uploads\/2018\/12\/Financial-Statements-December-31-2017.pdf\" target=\"_blank\" rel=\"noopener noreferrer\">Financial Statements \u2013 December 31, 2017<\/a><a href=\"https:\/\/www.starlightcanada.org\/wp-content\/uploads\/2018\/12\/Financial-Statements-December-31-2017.pdf\" target=\"_blank\" rel=\"noopener noreferrer\"><br \/>\n<\/a><a href=\"https:\/\/www.starlightcanada.org\/wp-content\/uploads\/2018\/12\/STARLI-Starlight-Childrens-Foundation-Canada-Audit-2016-FS.pdf\" target=\"_blank\" rel=\"noopener noreferrer\">Financial Statements \u2013 December 31, 2016<\/a><\/p>\n<h3><strong>Rapports annuels<\/strong><\/h3>\n<p><a href=\"https:\/\/www.dropbox.com\/scl\/fi\/cp156sql5xzxn3j3iha9x\/2021%20Starlight%20Children's%20Foundation%20Canada%20Impact%20Report.pdf?rlkey=lz36lq0u5l7l92svqj6rbubyt&amp;dl=0\" target=\"_blank\" rel=\"noopener\">2021 Program Report \u2013 English<\/a><br \/>\n<a href=\"https:\/\/www.starlightcanada.org\/wp-content\/uploads\/2018\/12\/2016-Annual-Report-Dec11-Fre.pdf\" target=\"_blank\" rel=\"noopener noreferrer\">2016 Rapport Annuel \u2013 Fran\u00e7ais<\/a><\/p>\n<p><span style=\"font-weight: 400;\">Pour toute question, veuillez <\/span><a href=\"https:\/\/www.starlightcanada.org\/fr\/a-propos\/notre-equipe\/\"><span style=\"font-weight: 400;\">communiquer avec nous<\/span><\/a>.<\/p>\n","protected":false},"excerpt":{"rendered":"<p>La Fondation pour l&rsquo;enfance Starlight Canada s\u2019engage \u00e0 demeurer enti\u00e8rement transparente et imputable envers nos donateurs, le conseil d&rsquo;administration et les familles que nous desservons. <\/p>\n<p>Rapports financiers de Starlight &#8230;<\/p>\n","protected":false},"author":6,"featured_media":0,"parent":511,"menu_order":293,"comment_status":"closed","ping_status":"closed","template":"","meta":{"_acf_changed":false,"give_campaign_id":0,"footnotes":""},"class_list":["post-516","page","type-page","status-publish","hentry"],"acf":[],"campaignId":"","_links":{"self":[{"href":"https:\/\/test.starlightcanada.org\/fr\/wp-json\/wp\/v2\/pages\/516","targetHints":{"allow":["GET"]}}],"collection":[{"href":"https:\/\/test.starlightcanada.org\/fr\/wp-json\/wp\/v2\/pages"}],"about":[{"href":"https:\/\/test.starlightcanada.org\/fr\/wp-json\/wp\/v2\/types\/page"}],"author":[{"embeddable":true,"href":"https:\/\/test.starlightcanada.org\/fr\/wp-json\/wp\/v2\/users\/6"}],"replies":[{"embeddable":true,"href":"https:\/\/test.starlightcanada.org\/fr\/wp-json\/wp\/v2\/comments?post=516"}],"version-history":[{"count":0,"href":"https:\/\/test.starlightcanada.org\/fr\/wp-json\/wp\/v2\/pages\/516\/revisions"}],"up":[{"embeddable":true,"href":"https:\/\/test.starlightcanada.org\/fr\/wp-json\/wp\/v2\/pages\/511"}],"wp:attachment":[{"href":"https:\/\/test.starlightcanada.org\/fr\/wp-json\/wp\/v2\/media?parent=516"}],"curies":[{"name":"wp","href":"https:\/\/api.w.org\/{rel}","templated":true}]}}