{"id":511,"date":"2017-04-07T10:12:01","date_gmt":"2017-04-07T14:12:01","guid":{"rendered":"https:\/\/www.starlightcanada.org\/?page_id=511\/"},"modified":"2024-11-14T12:32:49","modified_gmt":"2024-11-14T17:32:49","slug":"a-propos","status":"publish","type":"page","link":"https:\/\/test.starlightcanada.org\/fr\/a-propos\/","title":{"rendered":"\u00c0 propos"},"content":{"rendered":"<p>Depuis plus de 30 ans, la Fondation pour l\u2019enfance Starlight Canada se consacre \u00e0 illuminer la vie d\u2019enfants gravement malades ainsi que celle de leurs familles. Nous mettons la famille dans son ensemble au c\u0153ur de notre action et avons pour mission de lui apporter joie, rires, soulagement et beaucoup de sourires. Notre grande vari\u00e9t\u00e9 de programmes \u00e0 l\u2019int\u00e9rieur et \u00e0 l\u2019ext\u00e9rieur des h\u00f4pitaux permet de ramener la force, l\u2019espoir et bouts d\u2019enfance perdue en \u00e9tant pour eux cette \u00e9toile stable et lumineuse dans leur ciel sombre et orageux.<\/p>\n<p>Ce qui nous rend uniques chez Starlight Canada est que nous sommes l\u00e0 tout au long du parcours \u2013 de l\u2019h\u00f4pital \u00e0 la maison.<\/p>\n<p>\u00c0 l\u2019h\u00f4pital, Starlight Canada offre aux enfants une distraction essentielle du stress et de l\u2019ennui attribuables \u00e0 une hospitalisation. Des jouets aux appareils \u00e9lectroniques, en passant par de v\u00e9ritables partys, nous transformons les moments de peur et de solitude en instants de plaisir et d\u2019excitation! Hors des h\u00f4pitaux, nous r\u00e9alisons des souhaits de toute envergure gr\u00e2ce \u00e0 nos programmes de Souhaits d\u2019Illuminateur de journ\u00e9e, de Souhaits de Grandes \u00e9vasions et de Souhaits d\u2019une vie, qui permettent aux familles Starlight de toujours avoir une raison de croire en la magie.<\/p>\n<h2>M\u00e9dia<\/h2>\n<p><span style=\"font-weight: 400;\">Les membres de la presse jouent un r\u00f4le important pour aider Starlight Canada \u00e0 rejoindre les enfants, les ados, les familles et les \u00e9tablissements partenaires qui ont grand besoin de notre soutien. Nous sommes pr\u00eats \u00e0 recevoir vos questions \u00e0 vos questions et nous veillerons \u00e0 r\u00e9pondre promptement \u00e0 toutes les demandes.<\/span><\/p>\n<p><span style=\"font-weight: 400;\"><strong>Kristina Hopp<\/strong><br \/>\n<\/span><span style=\"font-weight: 400;\">Directrice des communications<br \/>\n<a href=\"mailto:kristina.hopp@starlightcanada.org\" target=\"_blank\" rel=\"noopener\">kristina.hopp@starlightcanada.org<\/a><br \/>\n1-800-880-1004, poste 2225<\/span><\/p>\n","protected":false},"excerpt":{"rendered":"<p>Depuis plus de 30 ans, la Fondation pour l\u2019enfance Starlight Canada se consacre \u00e0 illuminer la vie d\u2019enfants gravement malades ainsi que celle de leurs familles. Nous mettons la famille &#8230;<\/p>\n","protected":false},"author":6,"featured_media":0,"parent":0,"menu_order":230,"comment_status":"closed","ping_status":"closed","template":"","meta":{"_acf_changed":false,"give_campaign_id":0,"footnotes":""},"class_list":["post-511","page","type-page","status-publish","hentry"],"acf":[],"campaignId":"","_links":{"self":[{"href":"https:\/\/test.starlightcanada.org\/fr\/wp-json\/wp\/v2\/pages\/511","targetHints":{"allow":["GET"]}}],"collection":[{"href":"https:\/\/test.starlightcanada.org\/fr\/wp-json\/wp\/v2\/pages"}],"about":[{"href":"https:\/\/test.starlightcanada.org\/fr\/wp-json\/wp\/v2\/types\/page"}],"author":[{"embeddable":true,"href":"https:\/\/test.starlightcanada.org\/fr\/wp-json\/wp\/v2\/users\/6"}],"replies":[{"embeddable":true,"href":"https:\/\/test.starlightcanada.org\/fr\/wp-json\/wp\/v2\/comments?post=511"}],"version-history":[{"count":0,"href":"https:\/\/test.starlightcanada.org\/fr\/wp-json\/wp\/v2\/pages\/511\/revisions"}],"wp:attachment":[{"href":"https:\/\/test.starlightcanada.org\/fr\/wp-json\/wp\/v2\/media?parent=511"}],"curies":[{"name":"wp","href":"https:\/\/api.w.org\/{rel}","templated":true}]}}