{"id":461,"date":"2017-04-03T20:40:49","date_gmt":"2017-04-04T00:40:49","guid":{"rendered":"https:\/\/www.starlightcanada.org\/?page_id=461\/"},"modified":"2024-08-27T11:53:22","modified_gmt":"2024-08-27T15:53:22","slug":"grandes-evasions-starlight","status":"publish","type":"page","link":"https:\/\/test.starlightcanada.org\/fr\/nos-programmes\/grandes-evasions-starlight\/","title":{"rendered":"Souhaits de Grandes \u00e9vasions<sup><sup>\u00ae<\/sup><\/sup> Starlight"},"content":{"rendered":"<p>Il est facile pour un enfant de se sentir exclu quand sa maladie entraine des absences \u00e0 l\u2019\u00e9cole et lui fait rater des occasions de se faire des amis et de jouer avec eux. Les Souhaits de Grandes \u00e9vasions Starlight rassemblent les familles afin de les aider \u00e0 rattraper un peu de temps perdu en cr\u00e9ant des \u00e9v\u00e9nements amusants, de nouveaux souvenirs et de nouvelles amiti\u00e9s. Ces \u00e9v\u00e9nements comprennent des balades en voitures exotiques, des projections de films, des croisi\u00e8res portuaires, du ski adapt\u00e9, des c\u00e9l\u00e9brations des f\u00eates, des soir\u00e9es pyjama, et bien plus encore\u2009! Apr\u00e8s avoir pass\u00e9 une journ\u00e9e enti\u00e8re en compagnie de personnes qui les comprennent v\u00e9ritablement, les enfants malades reviennent \u00e0 la maison le c\u0153ur rempli d\u2019un sentiment renouvel\u00e9 de force et d&rsquo;espoir, et m\u00eame parfois avec de nouveaux amis\u2009!<\/p>\n<p>Con\u00e7us pour les enfants de tous \u00e2ges, affichant tout type de diagnostic et de toutes les capacit\u00e9s, nous veillons \u00e0 ce que personne ne soit laiss\u00e9 de c\u00f4t\u00e9 lors de ces aventures. Les familles Starlight et les enfants qui se sont rencontr\u00e9s dans le cadre de ces \u00e9v\u00e9nements ont tiss\u00e9 des liens, des amiti\u00e9s et des syst\u00e8mes de soutien qui dureront toute une vie\u2009!<\/p>\n<p>Si vous souhaitez commanditer une Souhaits de Grandes \u00e9vasion Starlight, <a href=\"https:\/\/www.starlightcanada.org\/fr\/corporate-partnerships\/comment-devenir-partenaire-corporatif\/\">cliquez ici<\/a>.<\/p>\n<h3>\u00ab\u00a0Merci pour cette incroyable exp\u00e9rience familiale. Nous avons ri, resserr\u00e9 nos liens et nous nous sommes tellement amus\u00e9s. C&rsquo;\u00e9tait exactement ce dont notre famille avait besoin ; une aventure familiale sans stress qui nous a rempli le c\u0153ur et a renforc\u00e9 nos liens.\u00a0\u00bb <em>\u2013 Martha, maman de Jonah, ado Starlight qui vit avec le syndrome CHARGE<\/em><\/h3>\n<h3 style=\"text-align: center;\"><strong>Voici un aper\u00e7u des \u00e9v\u00e9nements de Starlight Canada faisant partie des Souhaits de Grandes \u00e9vasions !<br \/>\n<\/strong><a href=\"https:\/\/www.starlightcanada.org\/fr\/nos-programmes\/grandes-evasions-starlight\/drive-for-smiles\/\"><strong>Conduire pour un sourire<\/strong><\/a><a href=\"https:\/\/www.starlightcanada.org\/fr\/nos-programmes\/grandes-evasions-starlight\/drive-for-smiles\/\"><strong><span style=\"font-weight: 400;\"><sup style=\"font-size: 9px; vertical-align: 1em;\">\u00ae <\/sup><\/span><\/strong><\/a><strong>| <a href=\"https:\/\/www.starlightcanada.org\/fr\/nos-programmes\/grandes-evasions-starlight\/motomax\/\">Motomax<\/a><\/strong><a href=\"https:\/\/www.starlightcanada.org\/fr\/nos-programmes\/grandes-evasions-starlight\/motomax\/\"><strong><span style=\"font-weight: 400;\"><sup style=\"font-size: 9px; vertical-align: 1em;\">\u00ae <\/sup><\/span><\/strong><\/a><strong>| <a href=\"https:\/\/www.starlightcanada.org\/fr\/nos-programmes\/grandes-evasions-starlight\/pontoon-program\/\">Programme de ponton<\/a><br \/>\n<a href=\"https:\/\/www.starlightcanada.org\/fr\/nos-programmes\/grandes-evasions-starlight\/ride-for-smiles\/\">Rouler pour un sourire<\/a><\/strong><strong>\u00a0| <a href=\"https:\/\/www.starlightcanada.org\/fr\/nos-programmes\/grandes-evasions-starlight\/trick-or-suite\/\">Trick or Suite<\/a> | <a href=\"https:\/\/www.starlightcanada.org\/fr\/nos-programmes\/grandes-evasions-starlight\/vip-holiday-shopping-sprees\/\">Vir\u00e9es shopping VIP pour les F\u00eates<\/a><\/strong><\/h3>\n<p><img decoding=\"async\" class=\"wp-image-15868 size-full aligncenter\" src=\"https:\/\/www.starlightcanada.org\/wp-content\/uploads\/2023\/01\/Great-Escapes.jpg\" alt=\"\" width=\"1024\" height=\"360\" srcset=\"https:\/\/test.starlightcanada.org\/wp-content\/uploads\/2023\/01\/Great-Escapes.jpg 1024w, https:\/\/test.starlightcanada.org\/wp-content\/uploads\/2023\/01\/Great-Escapes-400x141.jpg 400w, https:\/\/test.starlightcanada.org\/wp-content\/uploads\/2023\/01\/Great-Escapes-300x105.jpg 300w, https:\/\/test.starlightcanada.org\/wp-content\/uploads\/2023\/01\/Great-Escapes-768x270.jpg 768w\" sizes=\"(max-width: 709px) 85vw, (max-width: 909px) 67vw, (max-width: 1362px) 62vw, 840px\" \/><\/p>\n<hr \/>\n<p><em><span style=\"font-weight: 400;\">*Pr\u00e9sentement disponibles en Alberta, en Colombie-Britannique, en Ontario et au Qu\u00e9bec.<\/span><\/em><\/p>\n","protected":false},"excerpt":{"rendered":"<p>Il est facile pour un enfant de se sentir exclu quand sa maladie entraine des absences \u00e0 l\u2019\u00e9cole et lui fait rater des occasions de se faire des amis et &#8230;<\/p>\n","protected":false},"author":6,"featured_media":15871,"parent":436,"menu_order":336,"comment_status":"closed","ping_status":"closed","template":"","meta":{"_acf_changed":false,"give_campaign_id":0,"footnotes":""},"class_list":["post-461","page","type-page","status-publish","has-post-thumbnail","hentry"],"acf":[],"campaignId":"","_links":{"self":[{"href":"https:\/\/test.starlightcanada.org\/fr\/wp-json\/wp\/v2\/pages\/461","targetHints":{"allow":["GET"]}}],"collection":[{"href":"https:\/\/test.starlightcanada.org\/fr\/wp-json\/wp\/v2\/pages"}],"about":[{"href":"https:\/\/test.starlightcanada.org\/fr\/wp-json\/wp\/v2\/types\/page"}],"author":[{"embeddable":true,"href":"https:\/\/test.starlightcanada.org\/fr\/wp-json\/wp\/v2\/users\/6"}],"replies":[{"embeddable":true,"href":"https:\/\/test.starlightcanada.org\/fr\/wp-json\/wp\/v2\/comments?post=461"}],"version-history":[{"count":0,"href":"https:\/\/test.starlightcanada.org\/fr\/wp-json\/wp\/v2\/pages\/461\/revisions"}],"up":[{"embeddable":true,"href":"https:\/\/test.starlightcanada.org\/fr\/wp-json\/wp\/v2\/pages\/436"}],"wp:featuredmedia":[{"embeddable":true,"href":"https:\/\/test.starlightcanada.org\/fr\/wp-json\/wp\/v2\/media\/15871"}],"wp:attachment":[{"href":"https:\/\/test.starlightcanada.org\/fr\/wp-json\/wp\/v2\/media?parent=461"}],"curies":[{"name":"wp","href":"https:\/\/api.w.org\/{rel}","templated":true}]}}