{"id":454,"date":"2017-04-03T20:33:53","date_gmt":"2017-04-04T00:33:53","guid":{"rendered":"https:\/\/www.starlightcanada.org\/nos-programmes\/starlight-wishes\/"},"modified":"2024-08-27T11:53:58","modified_gmt":"2024-08-27T15:53:58","slug":"souhaits-starlight","status":"publish","type":"page","link":"https:\/\/test.starlightcanada.org\/fr\/nos-programmes\/souhaits-starlight\/","title":{"rendered":"Souhaits Starlight d\u2019une vie<sup>MC<\/sup>"},"content":{"rendered":"<p><span style=\"font-weight: 400;\">Les Souhaits Starlight d\u2019une vie sont souvent les \u00e9toiles les plus brillantes dans le ciel sombre d\u2019enfants qui doivent grandir avec une maladie grave. Ce programme donne aux enfants malades la possibilit\u00e9 de r\u00eaver grand et d\u2019\u00e9mettre leur propre souhait, un moment puissant pour un enfant ou un ado qui a pass\u00e9 une si grande partie de sa vie sous le contr\u00f4le de la maladie. Starlight Canada prend ces r\u00eaves et en fait une r\u00e9alit\u00e9.<\/span><\/p>\n<p><span style=\"font-weight: 400;\">Disponibles aux enfants de 4 \u00e0 18 ans, ces exp\u00e9riences uniques offrent des souvenirs inoubliables \u00e0 toute la famille. Un Souhait Starlight d\u2019une vie est notre poussi\u00e8re d\u2019\u00e9toiles la plus puissante qui donne aux enfants malades l&rsquo;espoir de jours meilleurs, la force de continuer \u00e0 se battre et une raison de croire en la magie.<br \/>\n<\/span><\/p>\n<p><span style=\"font-weight: 400;\">Si vous souhaitez commanditer un Souhait Starlight d\u2019une vie<\/span>, <a href=\"https:\/\/www.starlightcanada.org\/fr\/corporate-partnerships\/comment-devenir-partenaire-corporatif\/\">cliquez ici<\/a>.<\/p>\n<h3>\u00ab\u00a0C&rsquo;\u00e9tait incroyable et parfaitement repr\u00e9sentatif de ce qu&rsquo;un souhait devrait \u00eatre. La semaine la plus heureuse de notre vie ! Ma fille a plus souri en une semaine que pendant toute l&rsquo;ann\u00e9e.\u00a0\u00bb &#8211; <em>Julie, maman Starlight d&rsquo;Emily, 10 ans, qui vit avec le syndrome de Rett<\/em><\/h3>\n<p><img decoding=\"async\" class=\"wp-image-15875 size-full aligncenter\" src=\"https:\/\/www.starlightcanada.org\/wp-content\/uploads\/2023\/01\/Once-In-A-Lifetime.jpg\" alt=\"\" width=\"1024\" height=\"360\" srcset=\"https:\/\/test.starlightcanada.org\/wp-content\/uploads\/2023\/01\/Once-In-A-Lifetime.jpg 1024w, https:\/\/test.starlightcanada.org\/wp-content\/uploads\/2023\/01\/Once-In-A-Lifetime-400x141.jpg 400w, https:\/\/test.starlightcanada.org\/wp-content\/uploads\/2023\/01\/Once-In-A-Lifetime-300x105.jpg 300w, https:\/\/test.starlightcanada.org\/wp-content\/uploads\/2023\/01\/Once-In-A-Lifetime-768x270.jpg 768w\" sizes=\"(max-width: 709px) 85vw, (max-width: 909px) 67vw, (max-width: 1362px) 62vw, 840px\" \/><\/p>\n","protected":false},"excerpt":{"rendered":"<p>Les Souhaits Starlight d\u2019une vie sont souvent les \u00e9toiles les plus brillantes dans le ciel sombre d\u2019enfants qui doivent grandir avec une maladie grave. Ce programme donne aux enfants malades &#8230;<\/p>\n","protected":false},"author":6,"featured_media":17832,"parent":436,"menu_order":354,"comment_status":"closed","ping_status":"closed","template":"","meta":{"_acf_changed":false,"give_campaign_id":0,"footnotes":""},"class_list":["post-454","page","type-page","status-publish","has-post-thumbnail","hentry"],"acf":[],"campaignId":"","_links":{"self":[{"href":"https:\/\/test.starlightcanada.org\/fr\/wp-json\/wp\/v2\/pages\/454","targetHints":{"allow":["GET"]}}],"collection":[{"href":"https:\/\/test.starlightcanada.org\/fr\/wp-json\/wp\/v2\/pages"}],"about":[{"href":"https:\/\/test.starlightcanada.org\/fr\/wp-json\/wp\/v2\/types\/page"}],"author":[{"embeddable":true,"href":"https:\/\/test.starlightcanada.org\/fr\/wp-json\/wp\/v2\/users\/6"}],"replies":[{"embeddable":true,"href":"https:\/\/test.starlightcanada.org\/fr\/wp-json\/wp\/v2\/comments?post=454"}],"version-history":[{"count":0,"href":"https:\/\/test.starlightcanada.org\/fr\/wp-json\/wp\/v2\/pages\/454\/revisions"}],"up":[{"embeddable":true,"href":"https:\/\/test.starlightcanada.org\/fr\/wp-json\/wp\/v2\/pages\/436"}],"wp:featuredmedia":[{"embeddable":true,"href":"https:\/\/test.starlightcanada.org\/fr\/wp-json\/wp\/v2\/media\/17832"}],"wp:attachment":[{"href":"https:\/\/test.starlightcanada.org\/fr\/wp-json\/wp\/v2\/media?parent=454"}],"curies":[{"name":"wp","href":"https:\/\/api.w.org\/{rel}","templated":true}]}}