{"id":438,"date":"2017-03-30T16:34:07","date_gmt":"2017-03-30T20:34:07","guid":{"rendered":"https:\/\/www.starlightcanada.org\/?page_id=438\/"},"modified":"2024-08-27T11:49:18","modified_gmt":"2024-08-27T15:49:18","slug":"centres-de-divertissement-starlight","status":"publish","type":"page","link":"https:\/\/test.starlightcanada.org\/fr\/nos-programmes\/centres-de-divertissement-starlight\/","title":{"rendered":"Centres de divertissement Starlight"},"content":{"rendered":"<p>Le Centre de divertissement Starlight est une unit\u00e9 de divertissement mobile dot\u00e9e d\u2019un t\u00e9l\u00e9viseur \u00e0 \u00e9cran plat et d\u2019une console de jeu Nintendo Switch sur laquelle ont \u00e9t\u00e9 t\u00e9l\u00e9charg\u00e9s une vaste gamme de jeux pour tous les enfants. La console peut \u00eatre mise \u00e0 jour annuellement pour assurer que les jeux qu\u2019elle contient restent d\u2019actualit\u00e9. Munies d\u2019une connectivit\u00e9 internet, ces unit\u00e9s permettent aux enfants hospitalis\u00e9s de rester en contact avec leurs amis et leur famille et leur accordent un peu de r\u00e9pit pour regarder leurs films pr\u00e9f\u00e9r\u00e9s, consulter leurs m\u00e9dias sociaux et bien plus encore !<\/p>\n<p>De nombreux enfants gravement malades sont parfois confin\u00e9s \u00e0 leur lit d&rsquo;h\u00f4pital, mais le Centre de divertissement Starlight offre de nombreuses heures de plaisir au chevet du patient pour l\u2019aider \u00e0 oublier la maladie et lui permettre de se concentrer sur le plaisir !<\/p>\n<h3>\u00ab\u00a0En tant qu&rsquo;\u00e9ducatrice en milieu p\u00e9diatrique, je peux affirmer que nous sommes tous tr\u00e8s reconnaissants de pouvoir utiliser les Centres de divertissement Starlight comme outils de distraction et de diversion pour aider les patients \u00e0 affronter l\u2019environnement hospitalier. C&rsquo;est l&rsquo;un des articles les plus appr\u00e9ci\u00e9s et les plus utilis\u00e9s.\u00a0\u00bb <em>\u2013 Katie, \u00e9ducatrice en milieu p\u00e9diatrique certifi\u00e9e au Centre hospitalier pour enfants de l\u2019est de l\u2019Ontario<\/em><\/h3>\n<p><img decoding=\"async\" class=\"wp-image-15840 size-full aligncenter\" src=\"https:\/\/www.starlightcanada.org\/wp-content\/uploads\/2023\/01\/Fun-Centre.jpg\" alt=\"\" width=\"1024\" height=\"360\" srcset=\"https:\/\/test.starlightcanada.org\/wp-content\/uploads\/2023\/01\/Fun-Centre.jpg 1024w, https:\/\/test.starlightcanada.org\/wp-content\/uploads\/2023\/01\/Fun-Centre-400x141.jpg 400w, https:\/\/test.starlightcanada.org\/wp-content\/uploads\/2023\/01\/Fun-Centre-300x105.jpg 300w, https:\/\/test.starlightcanada.org\/wp-content\/uploads\/2023\/01\/Fun-Centre-768x270.jpg 768w\" sizes=\"(max-width: 709px) 85vw, (max-width: 909px) 67vw, (max-width: 1362px) 62vw, 840px\" \/><\/p>\n<h3>Information sur la commandite<\/h3>\n<p><span style=\"font-weight: 400;\">Gr\u00e2ce \u00e0 des commandites provenant d\u2019entreprises, de fondations et de particuliers, plus de 8500 Centres de divertissement Starlight sont aujourd\u2019hui utilis\u00e9s dans des h\u00f4pitaux \u00e0 travers le monde. Notre objectif est de r\u00e9pondre aux besoins de chaque \u00e9tablissement partenaire. <\/span><\/p>\n<p><span style=\"font-weight: 400;\">La commandite d&rsquo;un syst\u00e8me de Centre de divertissement Starlight est pr\u00e9sentement au co\u00fbt de 7500 $. Ce montant comprend le co\u00fbt du syst\u00e8me, l&rsquo;exp\u00e9dition, l&rsquo;administration du programme et une garantie de service d&rsquo;entretien et de r\u00e9paration complet d\u2019une dur\u00e9e de trois ans. <\/span><\/p>\n<p><span style=\"font-weight: 400;\">Les commanditaires sont identifi\u00e9s par un autocollant personnalis\u00e9 affich\u00e9 de fa\u00e7on permanente sur le syst\u00e8me du Centre de divertissement Starlight, t\u00e9moin de leur g\u00e9n\u00e9rosit\u00e9 pour des ann\u00e9es \u00e0 venir. <\/span><\/p>\n<p>Aidez \u00e0 r\u00e9pondre \u00e0 ce besoin de programme exprim\u00e9 par un h\u00f4pital de votre communaut\u00e9 gr\u00e2ce \u00e0 notre Liste de souhaits dans les h\u00f4pitaux. <a href=\"https:\/\/www.starlightcanada.org\/fr\/souhaits-en-hopital\/\">Cliquez ici<\/a>.<\/p>\n<h3><strong>R\u00e9parations des Centres de divertissement Starlight<\/strong><\/h3>\n<p>Nous sommes heureux de pouvoir vous offrir, en collaboration avec Nintendo of America, du soutien technique pour votre Centre de divertissement Starlight.<\/p>\n<p><span style=\"font-weight: 400;\">Pour une r\u00e9paration ou pour obtenir du soutien technique, veuillez contacter le Centre de soutien Nintendo Starlight au 1-877-716-8550. Pour toute autre demande concernant votre Centre de divertissement Starlight, veuillez envoyer un courriel au <\/span><a href=\"mailto:hospitalprograms@starlightcanada.org\"><b>hospital@starlightcanada.org<\/b><\/a><span style=\"font-weight: 400;\">.<\/span><\/p>\n","protected":false},"excerpt":{"rendered":"<p>Le Centre de divertissement Starlight est une unit\u00e9 de divertissement mobile dot\u00e9e d\u2019un t\u00e9l\u00e9viseur \u00e0 \u00e9cran plat et d\u2019une console de jeu Nintendo Switch sur laquelle ont \u00e9t\u00e9 t\u00e9l\u00e9charg\u00e9s une &#8230;<\/p>\n","protected":false},"author":6,"featured_media":13712,"parent":436,"menu_order":338,"comment_status":"closed","ping_status":"closed","template":"","meta":{"_acf_changed":false,"give_campaign_id":0,"footnotes":""},"class_list":["post-438","page","type-page","status-publish","has-post-thumbnail","hentry"],"acf":[],"campaignId":"","_links":{"self":[{"href":"https:\/\/test.starlightcanada.org\/fr\/wp-json\/wp\/v2\/pages\/438","targetHints":{"allow":["GET"]}}],"collection":[{"href":"https:\/\/test.starlightcanada.org\/fr\/wp-json\/wp\/v2\/pages"}],"about":[{"href":"https:\/\/test.starlightcanada.org\/fr\/wp-json\/wp\/v2\/types\/page"}],"author":[{"embeddable":true,"href":"https:\/\/test.starlightcanada.org\/fr\/wp-json\/wp\/v2\/users\/6"}],"replies":[{"embeddable":true,"href":"https:\/\/test.starlightcanada.org\/fr\/wp-json\/wp\/v2\/comments?post=438"}],"version-history":[{"count":0,"href":"https:\/\/test.starlightcanada.org\/fr\/wp-json\/wp\/v2\/pages\/438\/revisions"}],"up":[{"embeddable":true,"href":"https:\/\/test.starlightcanada.org\/fr\/wp-json\/wp\/v2\/pages\/436"}],"wp:featuredmedia":[{"embeddable":true,"href":"https:\/\/test.starlightcanada.org\/fr\/wp-json\/wp\/v2\/media\/13712"}],"wp:attachment":[{"href":"https:\/\/test.starlightcanada.org\/fr\/wp-json\/wp\/v2\/media?parent=438"}],"curies":[{"name":"wp","href":"https:\/\/api.w.org\/{rel}","templated":true}]}}