{"id":436,"date":"2017-03-30T16:27:59","date_gmt":"2017-03-30T20:27:59","guid":{"rendered":"https:\/\/www.starlightcanada.org\/?page_id=436\/"},"modified":"2024-06-26T08:57:29","modified_gmt":"2024-06-26T12:57:29","slug":"nos-programmes","status":"publish","type":"page","link":"https:\/\/test.starlightcanada.org\/fr\/nos-programmes\/","title":{"rendered":"Nos programmes"},"content":{"rendered":"<p><a href=\"https:\/\/www.starlightcanada.org\/fr\/devenir-une-famille-starlight\/\" rel=\"noopener noreferrer\"><b>Inscrivez-vous !<\/b><\/a> La soumission de votre candidature pour devenir une famille Starlight est un processus plut\u00f4t simple ! Nous vous demandons de nous aider \u00e0 mieux comprendre votre enfant et votre dynamique familiale en remplissant le formulaire du\/de la professionnel(le) de la sant\u00e9 et notre application pour devenir une famille Starlight.<\/p>\n<h2>Programmes \u00e0 l&rsquo;int\u00e9rieur des h\u00f4pitaux<\/h2>\n<p>Personne n\u2019aime se retrouver \u00e0 l\u2019h\u00f4pital, mais la situation est encore plus difficile quand on est un enfant qui ne veut que s\u2019amuser. Chaque journ\u00e9e, semaine ou mois pass\u00e9 \u00e0 l\u2019h\u00f4pital engendre davantage d\u2019absences \u00e0 l\u2019\u00e9cole et d\u2019occasions rat\u00e9es de jouer avec des amis ou de vivre des exp\u00e9riences sans inqui\u00e9tude. Alors que les m\u00e9decins et les infirmi\u00e8res se concentrent sur les traitements, Starlight Canada veille \u00e0 ce que les enfants hospitalis\u00e9s aient la chance de vivre leur vie d\u2019enfant.<\/p>\n<p>Avec une vari\u00e9t\u00e9 de programmes \u00e0 l\u2019int\u00e9rieur des h\u00f4pitaux, Starlight Canada offre distraction, soulagement et divertissement \u00e0 des enfants malades qui attendent nerveusement leurs injections ou se sentent seuls dans leur chambre. Des trousses d\u2019activit\u00e9s et des stations de jeux interactives aux f\u00eates, nous offrons \u00e0 ces enfants des \u00e9tincelles et des sourires \u00e0 l\u2019h\u00f4pital et contribuons \u00e0 illuminer quelque peu leur s\u00e9jour !<\/p>\n      <div class=\"programs\" data-type=\"in\">\r\n          \r\n              <div id=\"parent-12421\" class=\"program\">\r\n                <a href=\"https:\/\/test.starlightcanada.org\/fr\/nos-programmes\/rv-starlight\/\" title=\"RV Starlight\">\r\n                  <img decoding=\"async\" width=\"860\" height=\"486\" src=\"https:\/\/test.starlightcanada.org\/wp-content\/uploads\/2022\/01\/Starlight-VR.png\" class=\"attachment-post-thumbnail size-post-thumbnail wp-post-image\" alt=\"\" srcset=\"https:\/\/test.starlightcanada.org\/wp-content\/uploads\/2022\/01\/Starlight-VR.png 860w, https:\/\/test.starlightcanada.org\/wp-content\/uploads\/2022\/01\/Starlight-VR-400x226.png 400w, https:\/\/test.starlightcanada.org\/wp-content\/uploads\/2022\/01\/Starlight-VR-300x170.png 300w, https:\/\/test.starlightcanada.org\/wp-content\/uploads\/2022\/01\/Starlight-VR-768x434.png 768w\" sizes=\"(max-width: 709px) 85vw, (max-width: 909px) 67vw, (max-width: 984px) 60vw, (max-width: 1362px) 62vw, 840px\" \/>                  <h3>RV Starlight<\/h3>                <\/a>\r\n                <p>La R\u00e9alit\u00e9 virtuelle Starlight permet aux enfants hospitalis\u00e9s de voyager aux quatre coins de notre plan\u00e8te, et m\u00eame au-del\u00e0! Ce programme dot\u00e9 d\u2019une technologie r\u00e9volutionnaire est l&rsquo;une des plus r\u00e9centes &#8230;<\/p>\n                <p><a href=\"https:\/\/test.starlightcanada.org\/fr\/nos-programmes\/rv-starlight\/\" title=\"RV Starlight\">\r\n                    Lire plus <i class=\"fa fa-long-arrow-right\" aria-hidden=\"true\"><\/i>\r\n                <\/a><\/p>\r\n              <\/div>\r\n\r\n          \r\n              <div id=\"parent-12429\" class=\"program\">\r\n                <a href=\"https:\/\/test.starlightcanada.org\/fr\/nos-programmes\/la-console-portable-starlight-nintendo-switch\/\" title=\"La console portable Starlight Nintendo Switch\">\r\n                  <img decoding=\"async\" width=\"460\" height=\"260\" src=\"https:\/\/test.starlightcanada.org\/wp-content\/uploads\/2023\/01\/Nintendo-Switch-Handhelds-1.jpg\" class=\"attachment-post-thumbnail size-post-thumbnail wp-post-image\" alt=\"\" srcset=\"https:\/\/test.starlightcanada.org\/wp-content\/uploads\/2023\/01\/Nintendo-Switch-Handhelds-1.jpg 460w, https:\/\/test.starlightcanada.org\/wp-content\/uploads\/2023\/01\/Nintendo-Switch-Handhelds-1-400x226.jpg 400w, https:\/\/test.starlightcanada.org\/wp-content\/uploads\/2023\/01\/Nintendo-Switch-Handhelds-1-300x170.jpg 300w\" sizes=\"(max-width: 709px) 85vw, (max-width: 909px) 67vw, (max-width: 984px) 60vw, (max-width: 1362px) 62vw, 840px\" \/>                  <h3>La console portable Starlight Nintendo Switch<\/h3>                <\/a>\r\n                <\/p>\n<p>La console portable Starlight Nintendo Switch est une version portable du Centre de divertissement Starlight, permettant une plus grande flexibilit\u00e9 aux professionnels de la sant\u00e9 pour distraire et &#8230;<\/p>\n                <p><a href=\"https:\/\/test.starlightcanada.org\/fr\/nos-programmes\/la-console-portable-starlight-nintendo-switch\/\" title=\"La console portable Starlight Nintendo Switch\">\r\n                    Lire plus <i class=\"fa fa-long-arrow-right\" aria-hidden=\"true\"><\/i>\r\n                <\/a><\/p>\r\n              <\/div>\r\n\r\n          \r\n              <div id=\"parent-10318\" class=\"program\">\r\n                <a href=\"https:\/\/test.starlightcanada.org\/fr\/nos-programmes\/envois-massifs-jouez-a-lhopital\/\" title=\"Envois massifs Jouez \u00e0 l\u2019h\u00f4pital\">\r\n                  <img decoding=\"async\" width=\"460\" height=\"260\" src=\"https:\/\/test.starlightcanada.org\/wp-content\/uploads\/2023\/01\/Play-From-Hospital-1.jpg\" class=\"attachment-post-thumbnail size-post-thumbnail wp-post-image\" alt=\"\" srcset=\"https:\/\/test.starlightcanada.org\/wp-content\/uploads\/2023\/01\/Play-From-Hospital-1.jpg 460w, https:\/\/test.starlightcanada.org\/wp-content\/uploads\/2023\/01\/Play-From-Hospital-1-400x226.jpg 400w, https:\/\/test.starlightcanada.org\/wp-content\/uploads\/2023\/01\/Play-From-Hospital-1-300x170.jpg 300w\" sizes=\"(max-width: 709px) 85vw, (max-width: 909px) 67vw, (max-width: 984px) 60vw, (max-width: 1362px) 62vw, 840px\" \/>                  <h3>Envois massifs Jouez \u00e0 l\u2019h\u00f4pital<\/h3>                <\/a>\r\n                <p>Pendant la COVID-19, les s\u00e9jours \u00e0 l\u2019h\u00f4pital sont plus difficiles que jamais pour les enfants et les ados. Comme le nombre de visiteurs est limit\u00e9, le temps pass\u00e9 \u00e0 l\u2019h\u00f4pital &#8230;<\/p>\n                <p><a href=\"https:\/\/test.starlightcanada.org\/fr\/nos-programmes\/envois-massifs-jouez-a-lhopital\/\" title=\"Envois massifs Jouez \u00e0 l\u2019h\u00f4pital\">\r\n                    Lire plus <i class=\"fa fa-long-arrow-right\" aria-hidden=\"true\"><\/i>\r\n                <\/a><\/p>\r\n              <\/div>\r\n\r\n          \r\n              <div id=\"parent-433\" class=\"program\">\r\n                <a href=\"https:\/\/test.starlightcanada.org\/fr\/nos-programmes\/fetes-hopitaux\/\" title=\"F\u00eates d\u2019h\u00f4pitaux Starlight\">\r\n                  <img decoding=\"async\" width=\"460\" height=\"260\" src=\"https:\/\/test.starlightcanada.org\/wp-content\/uploads\/2023\/01\/Hospital-Happenings.jpg\" class=\"attachment-post-thumbnail size-post-thumbnail wp-post-image\" alt=\"\" srcset=\"https:\/\/test.starlightcanada.org\/wp-content\/uploads\/2023\/01\/Hospital-Happenings.jpg 460w, https:\/\/test.starlightcanada.org\/wp-content\/uploads\/2023\/01\/Hospital-Happenings-400x226.jpg 400w, https:\/\/test.starlightcanada.org\/wp-content\/uploads\/2023\/01\/Hospital-Happenings-300x170.jpg 300w\" sizes=\"(max-width: 709px) 85vw, (max-width: 909px) 67vw, (max-width: 984px) 60vw, (max-width: 1362px) 62vw, 840px\" \/>                  <h3>F\u00eates d\u2019h\u00f4pitaux Starlight<\/h3>                <\/a>\r\n                <p>Starlight Canada travaille avec les h\u00f4pitaux pour enfants du Canada pour amener la f\u00eate aux enfants sans m\u00eame qu\u2019ils n\u2019aient \u00e0 quitter l\u2019h\u00f4pital ! D\u00e9corations, jeux sp\u00e9ciaux, bricolage, Starlight Canada &#8230;<\/p>\n                <p><a href=\"https:\/\/test.starlightcanada.org\/fr\/nos-programmes\/fetes-hopitaux\/\" title=\"F\u00eates d\u2019h\u00f4pitaux Starlight\">\r\n                    Lire plus <i class=\"fa fa-long-arrow-right\" aria-hidden=\"true\"><\/i>\r\n                <\/a><\/p>\r\n              <\/div>\r\n\r\n          \r\n              <div id=\"parent-824\" class=\"program\">\r\n                <a href=\"https:\/\/test.starlightcanada.org\/fr\/nos-programmes\/trousses-reconfort-starlight\/\" title=\"Trousses r\u00e9confort Starlight\">\r\n                  <img decoding=\"async\" width=\"460\" height=\"260\" src=\"https:\/\/test.starlightcanada.org\/wp-content\/uploads\/2023\/01\/Comfort-Kits-1.jpg\" class=\"attachment-post-thumbnail size-post-thumbnail wp-post-image\" alt=\"\" srcset=\"https:\/\/test.starlightcanada.org\/wp-content\/uploads\/2023\/01\/Comfort-Kits-1.jpg 460w, https:\/\/test.starlightcanada.org\/wp-content\/uploads\/2023\/01\/Comfort-Kits-1-400x226.jpg 400w, https:\/\/test.starlightcanada.org\/wp-content\/uploads\/2023\/01\/Comfort-Kits-1-300x170.jpg 300w\" sizes=\"(max-width: 709px) 85vw, (max-width: 909px) 67vw, (max-width: 984px) 60vw, (max-width: 1362px) 62vw, 840px\" \/>                  <h3>Trousses r\u00e9confort Starlight<\/h3>                <\/a>\r\n                <p>Nous savons que les visites \u00e0 l&rsquo;h\u00f4pital sont difficiles pour tout le monde. Con\u00e7ues pour les b\u00e9b\u00e9s, les adolescents et les parents, nos Trousses r\u00e9confort Starlight offrent confort, distraction et &#8230;<\/p>\n                <p><a href=\"https:\/\/test.starlightcanada.org\/fr\/nos-programmes\/trousses-reconfort-starlight\/\" title=\"Trousses r\u00e9confort Starlight\">\r\n                    Lire plus <i class=\"fa fa-long-arrow-right\" aria-hidden=\"true\"><\/i>\r\n                <\/a><\/p>\r\n              <\/div>\r\n\r\n          \r\n              <div id=\"parent-438\" class=\"program\">\r\n                <a href=\"https:\/\/test.starlightcanada.org\/fr\/nos-programmes\/centres-de-divertissement-starlight\/\" title=\"Centres de divertissement Starlight\">\r\n                  <img decoding=\"async\" width=\"460\" height=\"260\" src=\"https:\/\/test.starlightcanada.org\/wp-content\/uploads\/2022\/07\/Fun-Centre.png\" class=\"attachment-post-thumbnail size-post-thumbnail wp-post-image\" alt=\"\" srcset=\"https:\/\/test.starlightcanada.org\/wp-content\/uploads\/2022\/07\/Fun-Centre.png 460w, https:\/\/test.starlightcanada.org\/wp-content\/uploads\/2022\/07\/Fun-Centre-400x226.png 400w, https:\/\/test.starlightcanada.org\/wp-content\/uploads\/2022\/07\/Fun-Centre-300x170.png 300w\" sizes=\"(max-width: 709px) 85vw, (max-width: 909px) 67vw, (max-width: 984px) 60vw, (max-width: 1362px) 62vw, 840px\" \/>                  <h3>Centres de divertissement Starlight<\/h3>                <\/a>\r\n                <p>Le Centre de divertissement Starlight est une unit\u00e9 de divertissement mobile dot\u00e9e d\u2019un t\u00e9l\u00e9viseur \u00e0 \u00e9cran plat et d\u2019une console de jeu Nintendo Switch sur laquelle ont \u00e9t\u00e9 t\u00e9l\u00e9charg\u00e9s une &#8230;<\/p>\n                <p><a href=\"https:\/\/test.starlightcanada.org\/fr\/nos-programmes\/centres-de-divertissement-starlight\/\" title=\"Centres de divertissement Starlight\">\r\n                    Lire plus <i class=\"fa fa-long-arrow-right\" aria-hidden=\"true\"><\/i>\r\n                <\/a><\/p>\r\n              <\/div>\r\n\r\n          \r\n              <div id=\"parent-827\" class=\"program\">\r\n                <a href=\"https:\/\/test.starlightcanada.org\/fr\/nos-programmes\/coffres-a-jouets-starlight\/\" title=\"Coffres \u00e0 jouets Starlight\">\r\n                  <img decoding=\"async\" width=\"460\" height=\"260\" src=\"https:\/\/test.starlightcanada.org\/wp-content\/uploads\/2023\/01\/Treasure-Chests-1.jpg\" class=\"attachment-post-thumbnail size-post-thumbnail wp-post-image\" alt=\"\" srcset=\"https:\/\/test.starlightcanada.org\/wp-content\/uploads\/2023\/01\/Treasure-Chests-1.jpg 460w, https:\/\/test.starlightcanada.org\/wp-content\/uploads\/2023\/01\/Treasure-Chests-1-400x226.jpg 400w, https:\/\/test.starlightcanada.org\/wp-content\/uploads\/2023\/01\/Treasure-Chests-1-300x170.jpg 300w\" sizes=\"(max-width: 709px) 85vw, (max-width: 909px) 67vw, (max-width: 984px) 60vw, (max-width: 1362px) 62vw, 840px\" \/>                  <h3>Coffres \u00e0 jouets Starlight<\/h3>                <\/a>\r\n                <p>Les Coffres \u00e0 jouets Starlight vous garantissent qu&rsquo;il y a toujours quelque chose \u00e0 faire \u00e0 l&rsquo;h\u00f4pital autre que de rester seul avec le stress du traitement ou de l\u2019attente &#8230;<\/p>\n                <p><a href=\"https:\/\/test.starlightcanada.org\/fr\/nos-programmes\/coffres-a-jouets-starlight\/\" title=\"Coffres \u00e0 jouets Starlight\">\r\n                    Lire plus <i class=\"fa fa-long-arrow-right\" aria-hidden=\"true\"><\/i>\r\n                <\/a><\/p>\r\n              <\/div>\r\n\r\n                <\/div>\r\n      \n<h2><b>Programmes \u00e0 l&rsquo;ext\u00e9rieur des h\u00f4pitaux<\/b><\/h2>\n<p>Ce n\u2019est pas parce qu\u2019un enfant gravement malade quitte l\u2019h\u00f4pital que la bataille est termin\u00e9e. Pour les enfants malades qui ont un long chemin \u00e0 parcourir pour se r\u00e9tablir, pour les enfants qui devront vivre avec leur condition pour toujours et pour les enfants qui continuent de lutter contre la montre, nous r\u00e9alisons des souhaits qui permettent d\u2019offrir une pause \u00e0 ces guerriers.<\/p>\n<p>Les programmes de souhaits \u00e0 l\u2019ext\u00e9rieur de l\u2019h\u00f4pital de Starlight Canada permettent de r\u00e9aliser des souhaits de toute envergure qui donnent aux enfants gravement malades et \u00e0 leurs familles une raison de sourire et des souvenirs inestimables \u00e0 conserver. Qu&rsquo;il s\u2019agisse d\u2019une simple soir\u00e9e aupr\u00e8s d\u2019un \u00eatre cher ou du r\u00eave d\u2019une vie, Starlight Canada cr\u00e9e une bulle de magie au coeur de laquelle les enfants peuvent briller m\u00eame lorsqu&rsquo;ils sont malades.<\/p>\n\n","protected":false},"excerpt":{"rendered":"<p>Les Coffres \u00e0 jouets Starlight vous garantissent qu&rsquo;il y a toujours quelque chose \u00e0 faire \u00e0 l&rsquo;h\u00f4pital autre que de rester seul avec le stress du traitement ou de l\u2019attente &#8230;<\/p>\n","protected":false},"author":6,"featured_media":0,"parent":0,"menu_order":298,"comment_status":"closed","ping_status":"closed","template":"programs-template.php","meta":{"_acf_changed":false,"give_campaign_id":0,"footnotes":""},"class_list":["post-436","page","type-page","status-publish","hentry"],"acf":[],"campaignId":"","_links":{"self":[{"href":"https:\/\/test.starlightcanada.org\/fr\/wp-json\/wp\/v2\/pages\/436","targetHints":{"allow":["GET"]}}],"collection":[{"href":"https:\/\/test.starlightcanada.org\/fr\/wp-json\/wp\/v2\/pages"}],"about":[{"href":"https:\/\/test.starlightcanada.org\/fr\/wp-json\/wp\/v2\/types\/page"}],"author":[{"embeddable":true,"href":"https:\/\/test.starlightcanada.org\/fr\/wp-json\/wp\/v2\/users\/6"}],"replies":[{"embeddable":true,"href":"https:\/\/test.starlightcanada.org\/fr\/wp-json\/wp\/v2\/comments?post=436"}],"version-history":[{"count":0,"href":"https:\/\/test.starlightcanada.org\/fr\/wp-json\/wp\/v2\/pages\/436\/revisions"}],"wp:attachment":[{"href":"https:\/\/test.starlightcanada.org\/fr\/wp-json\/wp\/v2\/media?parent=436"}],"curies":[{"name":"wp","href":"https:\/\/api.w.org\/{rel}","templated":true}]}}