{"id":433,"date":"2017-04-03T20:12:30","date_gmt":"2017-04-04T00:12:30","guid":{"rendered":"https:\/\/www.starlightcanada.org\/?page_id=433\/"},"modified":"2024-06-19T09:34:02","modified_gmt":"2024-06-19T13:34:02","slug":"fetes-hopitaux","status":"publish","type":"page","link":"https:\/\/test.starlightcanada.org\/fr\/nos-programmes\/fetes-hopitaux\/","title":{"rendered":"F\u00eates d\u2019h\u00f4pitaux Starlight"},"content":{"rendered":"<p>Starlight Canada travaille avec les h\u00f4pitaux pour enfants du Canada pour amener la f\u00eate aux enfants sans m\u00eame qu\u2019ils n\u2019aient \u00e0 quitter l\u2019h\u00f4pital ! D\u00e9corations, jeux sp\u00e9ciaux, bricolage, Starlight Canada s\u2019occupe de tout et facilite un peu plus le s\u00e9jour \u00e0 l\u2019h\u00f4pital. Nous planifions l\u2019ensemble de l\u2019\u00e9v\u00e9nement pour permettre aux membres du personnel de l\u2019h\u00f4pital de se concentrer sur leur travail et s\u2019occuper de g\u00e9rer l\u2019excitation des enfants quelques jours avant et apr\u00e8s la f\u00eate !<\/p>\n<p>Aidez \u00e0 r\u00e9pondre \u00e0 ce besoin de programme exprim\u00e9 par un h\u00f4pital de votre communaut\u00e9 gr\u00e2ce \u00e0 notre Liste de souhaits dans les h\u00f4pitaux. <a href=\"https:\/\/www.starlightcanada.org\/fr\/souhaits-en-hopital\/\">Cliquez ici<\/a>.<br \/>\n<em>*Veuillez noter que les programmes ne sont pas tous disponibles dans chaque grande ville. De plus, certains programmes Starlight d\u00e9pendent de partenariats corporatifs pour le financement et peuvent n\u00e9cessiter une p\u00e9riode d\u2019attente avant qu\u2019un commanditaire ne soit identifi\u00e9.<\/em><\/p>\n<p><img decoding=\"async\" class=\"wp-image-17825 size-full aligncenter\" src=\"https:\/\/www.starlightcanada.org\/wp-content\/uploads\/2023\/11\/WEBSITE-PROGRAMS-PAGE-TEXT-PHOTOS.png\" alt=\"\" width=\"1024\" height=\"360\" srcset=\"https:\/\/test.starlightcanada.org\/wp-content\/uploads\/2023\/11\/WEBSITE-PROGRAMS-PAGE-TEXT-PHOTOS.png 1024w, https:\/\/test.starlightcanada.org\/wp-content\/uploads\/2023\/11\/WEBSITE-PROGRAMS-PAGE-TEXT-PHOTOS-400x141.png 400w, https:\/\/test.starlightcanada.org\/wp-content\/uploads\/2023\/11\/WEBSITE-PROGRAMS-PAGE-TEXT-PHOTOS-300x105.png 300w, https:\/\/test.starlightcanada.org\/wp-content\/uploads\/2023\/11\/WEBSITE-PROGRAMS-PAGE-TEXT-PHOTOS-768x270.png 768w\" sizes=\"(max-width: 709px) 85vw, (max-width: 909px) 67vw, (max-width: 1362px) 62vw, 840px\" \/><\/p>\n","protected":false},"excerpt":{"rendered":"<p>Starlight Canada travaille avec les h\u00f4pitaux pour enfants du Canada pour amener la f\u00eate aux enfants sans m\u00eame qu\u2019ils n\u2019aient \u00e0 quitter l\u2019h\u00f4pital ! D\u00e9corations, jeux sp\u00e9ciaux, bricolage, Starlight Canada &#8230;<\/p>\n","protected":false},"author":6,"featured_media":15832,"parent":436,"menu_order":275,"comment_status":"closed","ping_status":"closed","template":"","meta":{"_acf_changed":false,"give_campaign_id":0,"footnotes":""},"class_list":["post-433","page","type-page","status-publish","has-post-thumbnail","hentry"],"acf":[],"campaignId":"","_links":{"self":[{"href":"https:\/\/test.starlightcanada.org\/fr\/wp-json\/wp\/v2\/pages\/433","targetHints":{"allow":["GET"]}}],"collection":[{"href":"https:\/\/test.starlightcanada.org\/fr\/wp-json\/wp\/v2\/pages"}],"about":[{"href":"https:\/\/test.starlightcanada.org\/fr\/wp-json\/wp\/v2\/types\/page"}],"author":[{"embeddable":true,"href":"https:\/\/test.starlightcanada.org\/fr\/wp-json\/wp\/v2\/users\/6"}],"replies":[{"embeddable":true,"href":"https:\/\/test.starlightcanada.org\/fr\/wp-json\/wp\/v2\/comments?post=433"}],"version-history":[{"count":0,"href":"https:\/\/test.starlightcanada.org\/fr\/wp-json\/wp\/v2\/pages\/433\/revisions"}],"up":[{"embeddable":true,"href":"https:\/\/test.starlightcanada.org\/fr\/wp-json\/wp\/v2\/pages\/436"}],"wp:featuredmedia":[{"embeddable":true,"href":"https:\/\/test.starlightcanada.org\/fr\/wp-json\/wp\/v2\/media\/15832"}],"wp:attachment":[{"href":"https:\/\/test.starlightcanada.org\/fr\/wp-json\/wp\/v2\/media?parent=433"}],"curies":[{"name":"wp","href":"https:\/\/api.w.org\/{rel}","templated":true}]}}