{"id":42,"date":"2016-08-09T10:24:49","date_gmt":"2016-08-09T14:24:49","guid":{"rendered":"https:\/\/shop.starlight.genclik.ca\/wordpress\/fr\/?page_id=42"},"modified":"2023-12-01T11:39:36","modified_gmt":"2023-12-01T16:39:36","slug":"emplois","status":"publish","type":"page","link":"https:\/\/test.starlightcanada.org\/fr\/emplois\/","title":{"rendered":"Emplois"},"content":{"rendered":"<h3 style=\"text-align: left;\"><em><img decoding=\"async\" class=\"alignright wp-image-17971\" src=\"https:\/\/www.starlightcanada.org\/wp-content\/uploads\/2023\/12\/Certification-Badge_November-2023_FR-176x300.png\" alt=\"\" width=\"75\" height=\"128\" data-wp-editing=\"1\" srcset=\"https:\/\/test.starlightcanada.org\/wp-content\/uploads\/2023\/12\/Certification-Badge_November-2023_FR-176x300.png 176w, https:\/\/test.starlightcanada.org\/wp-content\/uploads\/2023\/12\/Certification-Badge_November-2023_FR-400x681.png 400w, https:\/\/test.starlightcanada.org\/wp-content\/uploads\/2023\/12\/Certification-Badge_November-2023_FR-601x1024.png 601w, https:\/\/test.starlightcanada.org\/wp-content\/uploads\/2023\/12\/Certification-Badge_November-2023_FR-768x1308.png 768w, https:\/\/test.starlightcanada.org\/wp-content\/uploads\/2023\/12\/Certification-Badge_November-2023_FR-902x1536.png 902w, https:\/\/test.starlightcanada.org\/wp-content\/uploads\/2023\/12\/Certification-Badge_November-2023_FR-1203x2048.png 1203w, https:\/\/test.starlightcanada.org\/wp-content\/uploads\/2023\/12\/Certification-Badge_November-2023_FR-1200x2043.png 1200w, https:\/\/test.starlightcanada.org\/wp-content\/uploads\/2023\/12\/Certification-Badge_November-2023_FR-scaled.png 1503w\" sizes=\"(max-width: 75px) 85vw, 75px\" \/>\u00c0 la Fondation pour l&rsquo;enfance Starlight Canada, nous nous engageons \u00e0 fournir un environnement de travail accueillant, collaboratif et inclusif afin que chaque personne puisse donner le meilleur d\u2019elle-m\u00eame, tant dans son milieu de travail qu\u2019\u00e0 l\u2019ext\u00e9rieur de celui-ci.<\/em><\/h3>\n<h3 style=\"text-align: left;\"><em>Vous voulez faire partie d&rsquo;une \u00e9quipe dynamique qui a la passion de faire une diff\u00e9rence ? Postulez d\u00e8s aujourd&rsquo;hui !<\/em><\/h3>\n<p>&nbsp;<\/p>\n<div class=\"job_listings\" data-location=\"\" data-keywords=\"\" data-show_filters=\"true\" data-show_pagination=\"false\" data-per_page=\"10\" data-orderby=\"featured\" data-order=\"DESC\" data-categories=\"\" data-disable-form-state-storage=\"\" data-featured_first=\"false\" data-post_id=\"42\" >\n<form class=\"job_filters\">\n\t\n\t<div class=\"search_jobs\">\n\t\t\n\t\t<div class=\"search_keywords\">\n\t\t\t<label for=\"search_keywords\">Mots-cl\u00e9s<\/label>\n\t\t\t<input type=\"text\" name=\"search_keywords\" id=\"search_keywords\" placeholder=\"Mots-cl\u00e9s\" value=\"\" \/>\n\t\t<\/div>\n\n\t\t<div class=\"search_location\">\n\t\t\t<label for=\"search_location\">Localisation<\/label>\n\t\t\t<input type=\"text\" name=\"search_location\" id=\"search_location\" placeholder=\"Localisation\" value=\"\" \/>\n\t\t<\/div>\n\n\t\t\t\t\t<div class=\"search_remote_position\">\n\t\t\t\t<input type=\"checkbox\" class=\"input-checkbox\" name=\"remote_position\" id=\"remote_position\" placeholder=\"Localisation\" value=\"1\"  \/>\n\t\t\t\t<label for=\"remote_position\" id=\"remote_position_label\">Postes en t\u00e9l\u00e9travail uniquement<\/label>\n\t\t\t<\/div>\n\t\t\n\t\t<div style=\"clear: both\"><\/div>\n\n\t\t\n\t\t\t\t\t<div class=\"search_submit\">\n\t\t\t\t<input type=\"submit\" value=\"Rechercher des offres d\u2019emploi\">\n\t\t\t<\/div>\n\t\t\n\t\t\t<\/div>\n\n\t\t<ul class=\"job_types\">\n\t\t\t\t\t<li><label for=\"job_type_freelance-fr\" class=\"freelance\"><input type=\"checkbox\" name=\"filter_job_type[]\" value=\"freelance-fr\"  checked='checked' id=\"job_type_freelance-fr\" \/> Freelance<\/label><\/li>\n\t\t\t\t\t<li><label for=\"job_type_stage\" class=\"stage\"><input type=\"checkbox\" name=\"filter_job_type[]\" value=\"stage\"  checked='checked' id=\"job_type_stage\" \/> Stage<\/label><\/li>\n\t\t\t\t\t<li><label for=\"job_type_temporaire\" class=\"temporaire\"><input type=\"checkbox\" name=\"filter_job_type[]\" value=\"temporaire\"  checked='checked' id=\"job_type_temporaire\" \/> Temporaire<\/label><\/li>\n\t\t\t\t\t<li><label for=\"job_type_temps-partiel\" class=\"temps-partiel\"><input type=\"checkbox\" name=\"filter_job_type[]\" value=\"temps-partiel\"  checked='checked' id=\"job_type_temps-partiel\" \/> Temps partiel<\/label><\/li>\n\t\t\t\t\t<li><label for=\"job_type_temps-plein\" class=\"temps-plein\"><input type=\"checkbox\" name=\"filter_job_type[]\" value=\"temps-plein\"  checked='checked' id=\"job_type_temps-plein\" \/> Temps plein<\/label><\/li>\n\t\t\t<\/ul>\n\t<input type=\"hidden\" name=\"filter_job_type[]\" value=\"\" \/>\n<div class=\"showing_jobs\"><\/div><\/form>\n\n\n<noscript>Votre navigateur ne supporte pas JavaScript, ou bien JavaScript est d\u00e9sactiv\u00e9. JavaScript doit \u00eatre activ\u00e9 pour pouvoir visualiser des postes.<\/noscript>\n<ul class=\"job_listings\">\n<\/ul>\n<a class=\"load_more_jobs\" href=\"#\" style=\"display:none;\"><strong>Afficher plus d\u2019offres<\/strong><\/a><\/div>\n","protected":false},"excerpt":{"rendered":"<p><em>\u00c0 la Fondation pour l&rsquo;enfance Starlight Canada, nous nous engageons \u00e0 fournir un environnement de travail accueillant, collaboratif et inclusif afin que chaque personne puisse donner le meilleur d\u2019elle-m\u00eame, tant &#8230;<\/em><\/p>\n","protected":false},"author":6,"featured_media":0,"parent":0,"menu_order":284,"comment_status":"closed","ping_status":"closed","template":"job-listing-template.php","meta":{"_acf_changed":false,"give_campaign_id":0,"footnotes":""},"class_list":["post-42","page","type-page","status-publish","hentry"],"acf":[],"campaignId":"","_links":{"self":[{"href":"https:\/\/test.starlightcanada.org\/fr\/wp-json\/wp\/v2\/pages\/42","targetHints":{"allow":["GET"]}}],"collection":[{"href":"https:\/\/test.starlightcanada.org\/fr\/wp-json\/wp\/v2\/pages"}],"about":[{"href":"https:\/\/test.starlightcanada.org\/fr\/wp-json\/wp\/v2\/types\/page"}],"author":[{"embeddable":true,"href":"https:\/\/test.starlightcanada.org\/fr\/wp-json\/wp\/v2\/users\/6"}],"replies":[{"embeddable":true,"href":"https:\/\/test.starlightcanada.org\/fr\/wp-json\/wp\/v2\/comments?post=42"}],"version-history":[{"count":0,"href":"https:\/\/test.starlightcanada.org\/fr\/wp-json\/wp\/v2\/pages\/42\/revisions"}],"wp:attachment":[{"href":"https:\/\/test.starlightcanada.org\/fr\/wp-json\/wp\/v2\/media?parent=42"}],"curies":[{"name":"wp","href":"https:\/\/api.w.org\/{rel}","templated":true}]}}