{"id":3399,"date":"2019-10-09T13:44:46","date_gmt":"2019-10-09T17:44:46","guid":{"rendered":"https:\/\/www.starlightcanada.org\/?page_id=3399"},"modified":"2024-06-26T08:54:53","modified_gmt":"2024-06-26T12:54:53","slug":"souhaits-en-hopital","status":"publish","type":"page","link":"https:\/\/test.starlightcanada.org\/fr\/souhaits-en-hopital\/","title":{"rendered":"Liste de souhaits dans les h\u00f4pitaux"},"content":{"rendered":"<h3><strong>Les h\u00f4pitaux ont besoin de l\u2019aide de Starlight et Starlight a besoin de la v\u00f4tre !<\/strong><\/h3>\n<p>Tous les jours, des h\u00f4pitaux de partout au pays demandent d\u2019utiliser nos programmes afin d\u2019aider les enfants qui s\u00e9journent dans leur \u00e9tablissement. Avec 8 programmes hospitaliers pour rejoindre un nombre croissant de plus de 100 h\u00f4pitaux, les besoins sont \u00e9normes. Plus que jamais, nous demandons votre aide pour apporter de la joie et du soulagement, pendant cette p\u00e9riode difficile, aux enfants hospitalis\u00e9s et \u00e0 leurs familles dans votre communaut\u00e9.<\/p>\n<p><strong>Vous trouverez ci-dessous la liste des h\u00f4pitaux que vous pouvez aider ainsi que les souhaits que vous pouvez y exaucer.<\/strong><\/p>\n","protected":false},"excerpt":{"rendered":"<p>Les h\u00f4pitaux ont besoin de l\u2019aide de Starlight et Starlight a besoin de la v\u00f4tre !<\/p>\n<p>Tous les jours, des h\u00f4pitaux de partout au pays demandent d\u2019utiliser nos programmes afin &#8230;<\/p>\n","protected":false},"author":6,"featured_media":0,"parent":0,"menu_order":192,"comment_status":"closed","ping_status":"closed","template":"hospital-programs\/hospitals-template.php","meta":{"_acf_changed":false,"give_campaign_id":0,"footnotes":""},"class_list":["post-3399","page","type-page","status-publish","hentry"],"acf":[],"campaignId":"","_links":{"self":[{"href":"https:\/\/test.starlightcanada.org\/fr\/wp-json\/wp\/v2\/pages\/3399","targetHints":{"allow":["GET"]}}],"collection":[{"href":"https:\/\/test.starlightcanada.org\/fr\/wp-json\/wp\/v2\/pages"}],"about":[{"href":"https:\/\/test.starlightcanada.org\/fr\/wp-json\/wp\/v2\/types\/page"}],"author":[{"embeddable":true,"href":"https:\/\/test.starlightcanada.org\/fr\/wp-json\/wp\/v2\/users\/6"}],"replies":[{"embeddable":true,"href":"https:\/\/test.starlightcanada.org\/fr\/wp-json\/wp\/v2\/comments?post=3399"}],"version-history":[{"count":0,"href":"https:\/\/test.starlightcanada.org\/fr\/wp-json\/wp\/v2\/pages\/3399\/revisions"}],"wp:attachment":[{"href":"https:\/\/test.starlightcanada.org\/fr\/wp-json\/wp\/v2\/media?parent=3399"}],"curies":[{"name":"wp","href":"https:\/\/api.w.org\/{rel}","templated":true}]}}