{"id":18083,"date":"2024-01-19T12:55:21","date_gmt":"2024-01-19T17:55:21","guid":{"rendered":"https:\/\/www.starlightcanada.org\/?page_id=18083"},"modified":"2024-02-07T11:16:08","modified_gmt":"2024-02-07T16:16:08","slug":"notre-conseil-dadministration","status":"publish","type":"page","link":"https:\/\/test.starlightcanada.org\/fr\/a-propos\/notre-conseil-dadministration\/","title":{"rendered":"Notre conseil d\u2019administration"},"content":{"rendered":"<p>En tant qu&rsquo;organisme public \u00e0 but non lucratif, la Fondation pour l&rsquo;enfance Starlight Canada s&rsquo;engage \u00e0 respecter les meilleures pratiques en mati\u00e8re de gouvernance, de transparence, d&rsquo;int\u00e9grit\u00e9, de responsabilit\u00e9 et de gestion financi\u00e8re. Notre conseil d&rsquo;administration est compos\u00e9 de personnes poss\u00e9dant des expertises vari\u00e9es qui veillent \u00e0 ce que Starlight Canada demeure fid\u00e8le \u00e0 sa mission.<\/p>\n<p>Le PDG de Starlight Canada est responsable de la gestion de l&rsquo;ensemble des op\u00e9rations et des ressources de l&rsquo;organisme.<\/p>\n<hr \/>\n<h3 style=\"text-align: center;\"><strong>Patrick Lefran\u00e7ois<br \/>\nPr\u00e9sident et secr\u00e9taire du conseil d\u2019administration<br \/>\n<\/strong><\/h3>\n<p style=\"text-align: center;\"><a href=\"https:\/\/advisor.assante.com\/Louis-Philippe-Lefrancois\/?lang=fr_CA\" target=\"_blank\" rel=\"noopener\">Conseiller en placements, Gestion de patrimoine Assante<\/a><\/p>\n<h3 style=\"text-align: center;\"><strong><br \/>\nPhil Caplan<br \/>\nPr\u00e9sident sortant<br \/>\n<\/strong><\/h3>\n<p style=\"text-align: center;\"><a href=\"https:\/\/pcpackaging.com\/fr\/\" target=\"_blank\" rel=\"noopener\">Propri\u00e9taire, PC Packaging and Design (retrait\u00e9)<\/a><br \/>\nActuellement consultant en impression dans le secteur de l&#8217;emballage et de l&rsquo;impression durables, sp\u00e9cialis\u00e9 dans les solutions \u00e9cologiques.<\/p>\n<h3 style=\"text-align: center;\"><strong><br \/>\nSheldon Davis<br \/>\nAdministrateur<br \/>\n<\/strong><\/h3>\n<p style=\"text-align: center;\"><a href=\"https:\/\/www.regalcandy.com\/fr\" target=\"_blank\" rel=\"noopener\">Premier vice-pr\u00e9sident, ventes et marketing, Confiseries Regal<\/a><\/p>\n<h3 style=\"text-align: center;\"><strong><br \/>\nEdward Prorok<br \/>\nTr\u00e9sorier<br \/>\n<\/strong><\/h3>\n<p style=\"text-align: center;\"><a href=\"https:\/\/www.bdo.ca\/fr-ca\" target=\"_blank\" rel=\"noopener\">Associ\u00e9, BDO Canada<\/a><\/p>\n<h3 style=\"text-align: center;\"><strong><br \/>\nLennie Ryer, CPA, CA<br \/>\nAdministrateur<br \/>\n<\/strong><\/h3>\n<p style=\"text-align: center;\"><a href=\"https:\/\/empowerpharm.ca\/\" target=\"_blank\" rel=\"noopener\">Administrateur\/pr\u00e9sident du comit\u00e9 d&rsquo;audit, EmpowerPharm Inc.<\/a><\/p>\n<h3 style=\"text-align: center;\"><strong><br \/>\nMichael Singer, CPA<br \/>\nAdministrateur<br \/>\n<\/strong><\/h3>\n<p style=\"text-align: center;\"><a href=\"https:\/\/www.auroramj.com\/\" target=\"_blank\" rel=\"noopener\">Directeur, Aurora Cannabis Inc. (anciennement pr\u00e9sident ex\u00e9cutif et chef de la direction)<\/a><br \/>\nCadre dans l&rsquo;industrie pharmaceutique (retrait\u00e9)<\/p>\n","protected":false},"excerpt":{"rendered":"<p>En tant qu&rsquo;organisme public \u00e0 but non lucratif, la Fondation pour l&rsquo;enfance Starlight Canada s&rsquo;engage \u00e0 respecter les meilleures pratiques en mati\u00e8re de gouvernance, de transparence, d&rsquo;int\u00e9grit\u00e9, de responsabilit\u00e9 et &#8230;<\/p>\n","protected":false},"author":2,"featured_media":0,"parent":511,"menu_order":36,"comment_status":"closed","ping_status":"closed","template":"","meta":{"_acf_changed":false,"give_campaign_id":0,"footnotes":""},"class_list":["post-18083","page","type-page","status-publish","hentry"],"acf":[],"campaignId":"","_links":{"self":[{"href":"https:\/\/test.starlightcanada.org\/fr\/wp-json\/wp\/v2\/pages\/18083","targetHints":{"allow":["GET"]}}],"collection":[{"href":"https:\/\/test.starlightcanada.org\/fr\/wp-json\/wp\/v2\/pages"}],"about":[{"href":"https:\/\/test.starlightcanada.org\/fr\/wp-json\/wp\/v2\/types\/page"}],"author":[{"embeddable":true,"href":"https:\/\/test.starlightcanada.org\/fr\/wp-json\/wp\/v2\/users\/2"}],"replies":[{"embeddable":true,"href":"https:\/\/test.starlightcanada.org\/fr\/wp-json\/wp\/v2\/comments?post=18083"}],"version-history":[{"count":0,"href":"https:\/\/test.starlightcanada.org\/fr\/wp-json\/wp\/v2\/pages\/18083\/revisions"}],"up":[{"embeddable":true,"href":"https:\/\/test.starlightcanada.org\/fr\/wp-json\/wp\/v2\/pages\/511"}],"wp:attachment":[{"href":"https:\/\/test.starlightcanada.org\/fr\/wp-json\/wp\/v2\/media?parent=18083"}],"curies":[{"name":"wp","href":"https:\/\/api.w.org\/{rel}","templated":true}]}}