{"id":12429,"date":"2022-01-24T16:30:07","date_gmt":"2022-01-24T21:30:07","guid":{"rendered":"https:\/\/www.starlightcanada.org\/nos-programmes\/starlight-nintendo-switch-handheld\/"},"modified":"2024-08-27T11:31:21","modified_gmt":"2024-08-27T15:31:21","slug":"la-console-portable-starlight-nintendo-switch","status":"publish","type":"page","link":"https:\/\/test.starlightcanada.org\/fr\/nos-programmes\/la-console-portable-starlight-nintendo-switch\/","title":{"rendered":"La console portable Starlight Nintendo Switch"},"content":{"rendered":"<p><img decoding=\"async\" class=\"alignright wp-image-12155\" src=\"https:\/\/www.starlightcanada.org\/wp-content\/uploads\/2021\/11\/Intro_Switch_Handheld_Product-e1636384643388-300x273.png\" alt=\"\" width=\"270\" height=\"246\" srcset=\"https:\/\/test.starlightcanada.org\/wp-content\/uploads\/2021\/11\/Intro_Switch_Handheld_Product-e1636384643388-300x273.png 300w, https:\/\/test.starlightcanada.org\/wp-content\/uploads\/2021\/11\/Intro_Switch_Handheld_Product-e1636384643388-400x364.png 400w, https:\/\/test.starlightcanada.org\/wp-content\/uploads\/2021\/11\/Intro_Switch_Handheld_Product-e1636384643388.png 536w\" sizes=\"(max-width: 270px) 85vw, 270px\" \/><\/p>\n<p><strong>La console portable Starlight Nintendo Switch<\/strong> est une version portable du <a href=\"https:\/\/www.starlightcanada.org\/fr\/nos-programmes\/centres-de-divertissement-starlight\/\">Centre de divertissement Starlight<\/a>, permettant une plus grande flexibilit\u00e9 aux professionnels de la sant\u00e9 pour distraire et divertir les enfants hospitalis\u00e9s tout en offrant la m\u00eame exp\u00e9rience de qualit\u00e9 sup\u00e9rieure.<\/p>\n<p><strong>Ces dispositifs innovants et portables, qui facilitent le jeu pour les patients p\u00e9diatriques, sont un ajout des plus passionnants \u00e0 nos programmes de distraction en milieu hospitalier pour la sant\u00e9 mentale. Qu&rsquo;un enfant ou un adolescent se remette d\u2019une op\u00e9ration, qu&rsquo;il soit en attente d\u2019un traitement ou qu&rsquo;il s&rsquo;ennuie dans son lit d&rsquo;h\u00f4pital, la console portable Starlight Nintendo Switch est pr\u00e9charg\u00e9e avec une grande vari\u00e9t\u00e9 de jeux pour tous les \u00e2ges et fournira des heures de divertissement sans fin.<\/strong><\/p>\n<p>Bien plus qu&rsquo;un simple divertissement, la console portable Starlight Nintendo Switch est cr\u00e9\u00e9e pour favoriser le bien\u00eatre mental des utilisateurs. Portables et accessibles dans toutes les parties de l&rsquo;h\u00f4pital, ces appareils offrent aux patients p\u00e9diatriques un peu de normalit\u00e9 et une distraction essentielle pour les aider \u00e0 affronter leurs peurs et faciliter les interactions avec le personnel hospitalier.<\/p>\n<p>Aidez \u00e0 r\u00e9pondre \u00e0 ce besoin de programme exprim\u00e9 par un h\u00f4pital de votre communaut\u00e9 gr\u00e2ce \u00e0 notre Liste de souhaits dans les h\u00f4pitaux. <a href=\"https:\/\/www.starlightcanada.org\/fr\/souhaits-en-hopital\/\">Cliquez ici<\/a>.<\/p>\n<h3>\u00ab\u00a0Cette console de jeu aide les patients \u00e0 mieux supporter leur s\u00e9jour \u00e0 l&rsquo;h\u00f4pital, non seulement sur \u00a0le plan physique, mais \u00e9galement sur le plan mental. Elle offre un sentiment de normalit\u00e9, en plus d\u2019apporter plaisir et distraction au c\u0153ur de l&rsquo;environnement hospitalier. Les jeux qui y sont pr\u00e9charg\u00e9s facilitent grandement la t\u00e2che du personnel et des patients ! Le personnel, les familles et les patients adorent notre Nintendo Switch.\u00a0\u00bb <em>\u2013 Amie, superviseur de l&rsquo;unit\u00e9 de soins intensifs n\u00e9onatals au Red Deer Regional Hospital Centre<\/em><\/h3>\n<p><img decoding=\"async\" class=\"size-full wp-image-15823 aligncenter\" src=\"https:\/\/www.starlightcanada.org\/wp-content\/uploads\/2023\/01\/Nintendo-Switch-Handhelds.jpg\" alt=\"\" width=\"1024\" height=\"360\" srcset=\"https:\/\/test.starlightcanada.org\/wp-content\/uploads\/2023\/01\/Nintendo-Switch-Handhelds.jpg 1024w, https:\/\/test.starlightcanada.org\/wp-content\/uploads\/2023\/01\/Nintendo-Switch-Handhelds-400x141.jpg 400w, https:\/\/test.starlightcanada.org\/wp-content\/uploads\/2023\/01\/Nintendo-Switch-Handhelds-300x105.jpg 300w, https:\/\/test.starlightcanada.org\/wp-content\/uploads\/2023\/01\/Nintendo-Switch-Handhelds-768x270.jpg 768w\" sizes=\"(max-width: 709px) 85vw, (max-width: 909px) 67vw, (max-width: 1362px) 62vw, 840px\" \/><\/p>\n<h3><strong>R\u00e9parations de la console portable Starlight Nintendo Switch<\/strong><\/h3>\n<p>Nous sommes heureux de pouvoir vous offrir, en collaboration avec Nintendo of America, du soutien technique pour votre console portable Starlight Nintendo Switch.<\/p>\n<p>Pour une r\u00e9paration ou pour obtenir du soutien technique, veuillez contacter le Centre de soutien Nintendo Starlight au 1-877-716-8550. Pour toute autre demande concernant votre console portable Starlight Nintendo Switch, veuillez envoyer un courriel au <a href=\"mailto:hospitalprograms@starlightcanada.org\"><b>hospital@starlightcanada.org<\/b><\/a>.<\/p>\n","protected":false},"excerpt":{"rendered":"<\/p>\n<p>La console portable Starlight Nintendo Switch est une version portable du Centre de divertissement Starlight, permettant une plus grande flexibilit\u00e9 aux professionnels de la sant\u00e9 pour distraire et &#8230;<\/p>\n","protected":false},"author":2,"featured_media":15825,"parent":436,"menu_order":50,"comment_status":"closed","ping_status":"closed","template":"","meta":{"_acf_changed":false,"give_campaign_id":0,"footnotes":""},"class_list":["post-12429","page","type-page","status-publish","has-post-thumbnail","hentry"],"acf":[],"campaignId":"","_links":{"self":[{"href":"https:\/\/test.starlightcanada.org\/fr\/wp-json\/wp\/v2\/pages\/12429","targetHints":{"allow":["GET"]}}],"collection":[{"href":"https:\/\/test.starlightcanada.org\/fr\/wp-json\/wp\/v2\/pages"}],"about":[{"href":"https:\/\/test.starlightcanada.org\/fr\/wp-json\/wp\/v2\/types\/page"}],"author":[{"embeddable":true,"href":"https:\/\/test.starlightcanada.org\/fr\/wp-json\/wp\/v2\/users\/2"}],"replies":[{"embeddable":true,"href":"https:\/\/test.starlightcanada.org\/fr\/wp-json\/wp\/v2\/comments?post=12429"}],"version-history":[{"count":0,"href":"https:\/\/test.starlightcanada.org\/fr\/wp-json\/wp\/v2\/pages\/12429\/revisions"}],"up":[{"embeddable":true,"href":"https:\/\/test.starlightcanada.org\/fr\/wp-json\/wp\/v2\/pages\/436"}],"wp:featuredmedia":[{"embeddable":true,"href":"https:\/\/test.starlightcanada.org\/fr\/wp-json\/wp\/v2\/media\/15825"}],"wp:attachment":[{"href":"https:\/\/test.starlightcanada.org\/fr\/wp-json\/wp\/v2\/media?parent=12429"}],"curies":[{"name":"wp","href":"https:\/\/api.w.org\/{rel}","templated":true}]}}