{"id":12,"date":"2016-07-14T14:38:41","date_gmt":"2016-07-14T18:38:41","guid":{"rendered":"https:\/\/shop.starlight.genclik.ca\/wordpress\/?page_id=12&#038;lang=fr"},"modified":"2023-02-13T11:09:39","modified_gmt":"2023-02-13T16:09:39","slug":"accueil","status":"publish","type":"page","link":"https:\/\/test.starlightcanada.org\/fr\/","title":{"rendered":"Notre travail"},"content":{"rendered":"<h3 style=\"text-align: left;\">Faire sourire les enfants. Aider les familles \u00e0 faire face \u00e0 la maladie.<\/h3>\n<p>La Fondation pour l\u2019enfance Starlight Canada fait ce qu\u2019aucun m\u00e9dicament n\u2019arrive \u00e0 faire : cr\u00e9er des sourires et des souvenirs inestimables pour les enfants gravement malades et leurs familles. Depuis plus de 30 ans, Starlight Canada a r\u00e9pandu des dizaines de milliers de sourires sur les visages d\u2019enfants malades gr\u00e2ce \u00e0 une vari\u00e9t\u00e9 unique de programmes et de services centr\u00e9s sur la famille, tant en h\u00f4pital qu\u2019\u00e0 la maison. Gr\u00e2ce \u00e0 votre aide, nous pouvons cr\u00e9er ensemble encore plus de magie dans les h\u00f4pitaux, exaucer davantage de souhaits \u00e0 l\u2019ext\u00e9rieur des h\u00f4pitaux et r\u00e9pandre plus d&rsquo;\u00e9tincelles partout au Canada !<\/p>\n","protected":false},"excerpt":{"rendered":"<p>Faire sourire les enfants. Aider les familles \u00e0 faire face \u00e0 la maladie.<\/p>\n<p>La Fondation pour l\u2019enfance Starlight Canada fait ce qu\u2019aucun m\u00e9dicament n\u2019arrive \u00e0 faire : cr\u00e9er des sourires &#8230;<\/p>\n","protected":false},"author":6,"featured_media":0,"parent":0,"menu_order":301,"comment_status":"closed","ping_status":"closed","template":"home-template.php","meta":{"_acf_changed":false,"give_campaign_id":0,"footnotes":""},"class_list":["post-12","page","type-page","status-publish","hentry"],"acf":[],"campaignId":"","_links":{"self":[{"href":"https:\/\/test.starlightcanada.org\/fr\/wp-json\/wp\/v2\/pages\/12","targetHints":{"allow":["GET"]}}],"collection":[{"href":"https:\/\/test.starlightcanada.org\/fr\/wp-json\/wp\/v2\/pages"}],"about":[{"href":"https:\/\/test.starlightcanada.org\/fr\/wp-json\/wp\/v2\/types\/page"}],"author":[{"embeddable":true,"href":"https:\/\/test.starlightcanada.org\/fr\/wp-json\/wp\/v2\/users\/6"}],"replies":[{"embeddable":true,"href":"https:\/\/test.starlightcanada.org\/fr\/wp-json\/wp\/v2\/comments?post=12"}],"version-history":[{"count":0,"href":"https:\/\/test.starlightcanada.org\/fr\/wp-json\/wp\/v2\/pages\/12\/revisions"}],"wp:attachment":[{"href":"https:\/\/test.starlightcanada.org\/fr\/wp-json\/wp\/v2\/media?parent=12"}],"curies":[{"name":"wp","href":"https:\/\/api.w.org\/{rel}","templated":true}]}}