{"id":10318,"date":"2020-09-25T11:26:39","date_gmt":"2020-09-25T15:26:39","guid":{"rendered":"https:\/\/www.starlightcanada.org\/nos-programmes\/play-from-hospital-program\/"},"modified":"2024-08-27T11:32:23","modified_gmt":"2024-08-27T15:32:23","slug":"envois-massifs-jouez-a-lhopital","status":"publish","type":"page","link":"https:\/\/test.starlightcanada.org\/fr\/nos-programmes\/envois-massifs-jouez-a-lhopital\/","title":{"rendered":"Envois massifs Jouez \u00e0 l\u2019h\u00f4pital"},"content":{"rendered":"<p>Pendant la COVID-19, les s\u00e9jours \u00e0 l\u2019h\u00f4pital sont plus difficiles que jamais pour les enfants et les ados. Comme le nombre de visiteurs est limit\u00e9, le temps pass\u00e9 \u00e0 l\u2019h\u00f4pital est souvent empreint de peur et de solitude. Comme de nombreux enfants hospitalis\u00e9s sont immunod\u00e9prim\u00e9s, ils pr\u00e9sentent un risque tr\u00e8s \u00e9lev\u00e9 d\u2019infection et leur vie d\u00e9pend de cet isolement.<\/p>\n<p><strong>Dans une p\u00e9riode o\u00f9 les parents se sentent impuissants et o\u00f9 les enfants se sentent seuls, les envois massifs Jouez \u00e0 l\u2019h\u00f4pital apportent du r\u00e9confort et des sourires aux parents et aux enfants !<\/strong><\/p>\n<p>Exp\u00e9di\u00e9s en toute s\u00e9curit\u00e9 dans les h\u00f4pitaux, ces lots bien imposants comprennent des jouets, des activit\u00e9s de bricolage, des jeux de Lego, des jeux de soci\u00e9t\u00e9 et d\u2019innombrables autres activit\u00e9s amusantes con\u00e7ues pour encourager les enfants isol\u00e9s \u00e0 jouer pendant leur s\u00e9jour \u00e0 l\u2019h\u00f4pital. Soigneusement aseptis\u00e9es et remises aux patients p\u00e9diatriques par le personnel hospitalier, ces trousses constituent, pour chaque enfant ou ado qui la re\u00e7oit, un remontant parfait qui leur permet d\u2019oublier pour un instant la crainte de l\u2019infection et de prendre le temps de jouer, tout simplement.<\/p>\n<p>Aidez \u00e0 r\u00e9pondre \u00e0 ce besoin de programme exprim\u00e9 par un h\u00f4pital de votre communaut\u00e9 gr\u00e2ce \u00e0 notre Liste de souhaits dans les h\u00f4pitaux. <a href=\"https:\/\/www.starlightcanada.org\/fr\/souhaits-en-hopital\/\">Cliquez ici<\/a>.<\/p>\n<h3>\u00ab\u00a0Ces consoles aident notre \u00e9quipe m\u00e9dicale \u00e0 distraire les patients pendant les interventions, \u00e0 r\u00e9conforter et \u00e0 calmer les enfants une fois l&rsquo;intervention termin\u00e9e, ou tout simplement \u00e0 passer le temps pendant leur s\u00e9jour. Elles nous aident \u00e0 am\u00e9liorer l&rsquo;exp\u00e9rience des patients et contribuent \u00e0 cr\u00e9er un environnement convivial pour les familles \u00e0 un moment qui est souvent stressant.\u00a0\u00bb <em>\u2013 Kari, directeur g\u00e9n\u00e9ral de la Brant Community Healthcare System Foundation<\/em><\/h3>\n<p><img decoding=\"async\" class=\"wp-image-15817 size-full aligncenter\" src=\"https:\/\/www.starlightcanada.org\/wp-content\/uploads\/2023\/01\/Play-From-Hospital.jpg\" alt=\"\" width=\"1024\" height=\"360\" srcset=\"https:\/\/test.starlightcanada.org\/wp-content\/uploads\/2023\/01\/Play-From-Hospital.jpg 1024w, https:\/\/test.starlightcanada.org\/wp-content\/uploads\/2023\/01\/Play-From-Hospital-400x141.jpg 400w, https:\/\/test.starlightcanada.org\/wp-content\/uploads\/2023\/01\/Play-From-Hospital-300x105.jpg 300w, https:\/\/test.starlightcanada.org\/wp-content\/uploads\/2023\/01\/Play-From-Hospital-768x270.jpg 768w\" sizes=\"(max-width: 709px) 85vw, (max-width: 909px) 67vw, (max-width: 1362px) 62vw, 840px\" \/><\/p>\n","protected":false},"excerpt":{"rendered":"<p>Pendant la COVID-19, les s\u00e9jours \u00e0 l\u2019h\u00f4pital sont plus difficiles que jamais pour les enfants et les ados. Comme le nombre de visiteurs est limit\u00e9, le temps pass\u00e9 \u00e0 l\u2019h\u00f4pital &#8230;<\/p>\n","protected":false},"author":2,"featured_media":15819,"parent":436,"menu_order":115,"comment_status":"closed","ping_status":"closed","template":"","meta":{"_acf_changed":false,"give_campaign_id":0,"footnotes":""},"class_list":["post-10318","page","type-page","status-publish","has-post-thumbnail","hentry"],"acf":[],"campaignId":"","_links":{"self":[{"href":"https:\/\/test.starlightcanada.org\/fr\/wp-json\/wp\/v2\/pages\/10318","targetHints":{"allow":["GET"]}}],"collection":[{"href":"https:\/\/test.starlightcanada.org\/fr\/wp-json\/wp\/v2\/pages"}],"about":[{"href":"https:\/\/test.starlightcanada.org\/fr\/wp-json\/wp\/v2\/types\/page"}],"author":[{"embeddable":true,"href":"https:\/\/test.starlightcanada.org\/fr\/wp-json\/wp\/v2\/users\/2"}],"replies":[{"embeddable":true,"href":"https:\/\/test.starlightcanada.org\/fr\/wp-json\/wp\/v2\/comments?post=10318"}],"version-history":[{"count":0,"href":"https:\/\/test.starlightcanada.org\/fr\/wp-json\/wp\/v2\/pages\/10318\/revisions"}],"up":[{"embeddable":true,"href":"https:\/\/test.starlightcanada.org\/fr\/wp-json\/wp\/v2\/pages\/436"}],"wp:featuredmedia":[{"embeddable":true,"href":"https:\/\/test.starlightcanada.org\/fr\/wp-json\/wp\/v2\/media\/15819"}],"wp:attachment":[{"href":"https:\/\/test.starlightcanada.org\/fr\/wp-json\/wp\/v2\/media?parent=10318"}],"curies":[{"name":"wp","href":"https:\/\/api.w.org\/{rel}","templated":true}]}}